{"id":1676,"date":"2019-10-27T19:33:38","date_gmt":"2019-10-27T19:33:38","guid":{"rendered":"https:\/\/makeupbyrenata.ch\/?page_id=1676"},"modified":"2019-10-31T23:01:56","modified_gmt":"2019-10-31T23:01:56","slug":"zao-makeup","status":"publish","type":"page","link":"https:\/\/makeupbyrenata.ch\/de\/zao-makeup\/","title":{"rendered":"ZAO Makeup"},"content":{"rendered":"\t\t<div data-elementor-type=\"wp-page\" data-elementor-id=\"1676\" class=\"elementor elementor-1676 elementor-1456\" data-elementor-post-type=\"page\">\n\t\t\t\t\t\t<section class=\"elementor-section elementor-top-section elementor-element elementor-element-144c65fa elementor-section-height-min-height elementor-section-content-middle elementor-reverse-mobile elementor-section-boxed elementor-section-height-default elementor-section-items-middle\" data-id=\"144c65fa\" data-element_type=\"section\" data-e-type=\"section\" data-settings=\"{&quot;background_background&quot;:&quot;classic&quot;}\">\n\t\t\t\t\t\t<div class=\"elementor-container elementor-column-gap-no\">\n\t\t\t\t\t<div class=\"elementor-column elementor-col-100 elementor-top-column elementor-element elementor-element-40f1e0d8\" data-id=\"40f1e0d8\" data-element_type=\"column\" data-e-type=\"column\">\n\t\t\t<div class=\"elementor-widget-wrap elementor-element-populated\">\n\t\t\t\t\t\t<div class=\"elementor-element elementor-element-3654aa9a elementor-widget elementor-widget-heading\" data-id=\"3654aa9a\" data-element_type=\"widget\" data-e-type=\"widget\" data-widget_type=\"heading.default\">\n\t\t\t\t<div class=\"elementor-widget-container\">\n\t\t\t\t\t<h2 class=\"elementor-heading-title elementor-size-default\">ZAO Make-up<\/h2>\t\t\t\t<\/div>\n\t\t\t\t<\/div>\n\t\t\t\t<div class=\"elementor-element elementor-element-39c7541d elementor-widget elementor-widget-text-editor\" data-id=\"39c7541d\" data-element_type=\"widget\" data-e-type=\"widget\" data-widget_type=\"text-editor.default\">\n\t\t\t\t<div class=\"elementor-widget-container\">\n\t\t\t\t\t\t\t\t\t<h4>nat\u00fcrlich, organisch, vegan &amp; nachf\u00fcllbar.<\/h4>\t\t\t\t\t\t\t\t<\/div>\n\t\t\t\t<\/div>\n\t\t\t\t\t<\/div>\n\t\t<\/div>\n\t\t\t\t\t<\/div>\n\t\t<\/section>\n\t\t\t\t<section class=\"elementor-section elementor-top-section elementor-element elementor-element-5eb0cac4 elementor-section-content-middle elementor-section-boxed elementor-section-height-default elementor-section-height-default\" data-id=\"5eb0cac4\" data-element_type=\"section\" data-e-type=\"section\">\n\t\t\t\t\t\t<div class=\"elementor-container elementor-column-gap-no\">\n\t\t\t\t\t<div class=\"elementor-column elementor-col-100 elementor-top-column elementor-element elementor-element-328de8fe\" data-id=\"328de8fe\" data-element_type=\"column\" data-e-type=\"column\">\n\t\t\t<div class=\"elementor-widget-wrap elementor-element-populated\">\n\t\t\t\t\t\t<div class=\"elementor-element elementor-element-5c7d51bb elementor-widget elementor-widget-heading\" data-id=\"5c7d51bb\" data-element_type=\"widget\" data-e-type=\"widget\" data-widget_type=\"heading.default\">\n\t\t\t\t<div class=\"elementor-widget-container\">\n\t\t\t\t\t<h2 class=\"elementor-heading-title elementor-size-default\">Die Sch\u00f6nheit von Bambus in der Verpackung, Die Vorteile von Bambus im Produkt.<\/h2>\t\t\t\t<\/div>\n\t\t\t\t<\/div>\n\t\t\t\t<div class=\"elementor-element elementor-element-33226aca elementor-widget elementor-widget-text-editor\" data-id=\"33226aca\" data-element_type=\"widget\" data-e-type=\"widget\" data-widget_type=\"text-editor.default\">\n\t\t\t\t<div class=\"elementor-widget-container\">\n\t\t\t\t\t\t\t\t\t<h5>Hochwertige Kosmetik in sch\u00f6nen und wiederbef\u00fcllbaren Bambus-Etuis. ZAO ist die erste wiederbef\u00fcllbare Make-up-Marke, die 100% nat\u00fcrlich und \u00fcberdies nach den strengen Richtlinien von ECOCERT zertifiziert ist. Ich freue mich als offizielle Partnerin von ZAO Make-up meine Kundinnen mit diesen einzigartigen Produkten zu schminken. Erfahre die Vorteile von ZAO selbst bei einem Schminkkurs oder durch ein professionelles Make-up von mir. Alle Produkte von ZAO sind bei mir erh\u00e4ltlich. Eine Auswahl direkt vor Ort im Studio &amp; jedes Produkt auf Bestellung.<\/h5>\t\t\t\t\t\t\t\t<\/div>\n\t\t\t\t<\/div>\n\t\t\t\t\t<\/div>\n\t\t<\/div>\n\t\t\t\t\t<\/div>\n\t\t<\/section>\n\t\t\t\t<section class=\"elementor-section elementor-top-section elementor-element elementor-element-3abe8714 elementor-section-boxed elementor-section-height-default elementor-section-height-default\" data-id=\"3abe8714\" data-element_type=\"section\" data-e-type=\"section\">\n\t\t\t\t\t\t<div class=\"elementor-container elementor-column-gap-default\">\n\t\t\t\t\t<div class=\"elementor-column elementor-col-100 elementor-top-column elementor-element elementor-element-68b7342e\" data-id=\"68b7342e\" data-element_type=\"column\" data-e-type=\"column\">\n\t\t\t<div class=\"elementor-widget-wrap elementor-element-populated\">\n\t\t\t\t\t\t<div class=\"elementor-element elementor-element-2e1e2203 elementor-widget elementor-widget-gallery\" data-id=\"2e1e2203\" data-element_type=\"widget\" data-e-type=\"widget\" data-settings=\"{&quot;columns&quot;:3,&quot;lazyload&quot;:&quot;yes&quot;,&quot;gallery_layout&quot;:&quot;grid&quot;,&quot;columns_tablet&quot;:2,&quot;columns_mobile&quot;:1,&quot;gap&quot;:{&quot;unit&quot;:&quot;px&quot;,&quot;size&quot;:10,&quot;sizes&quot;:[]},&quot;gap_tablet&quot;:{&quot;unit&quot;:&quot;px&quot;,&quot;size&quot;:10,&quot;sizes&quot;:[]},&quot;gap_mobile&quot;:{&quot;unit&quot;:&quot;px&quot;,&quot;size&quot;:10,&quot;sizes&quot;:[]},&quot;link_to&quot;:&quot;file&quot;,&quot;aspect_ratio&quot;:&quot;3:2&quot;,&quot;overlay_background&quot;:&quot;yes&quot;,&quot;content_hover_animation&quot;:&quot;fade-in&quot;}\" data-widget_type=\"gallery.default\">\n\t\t\t\t<div class=\"elementor-widget-container\">\n\t\t\t\t\t\t\t<div class=\"elementor-gallery__container\">\n\t\t\t\t\t\t\t<a class=\"e-gallery-item elementor-gallery-item elementor-animated-content\" href=\"https:\/\/makeupbyrenata.ch\/wp-content\/uploads\/sites\/175\/2019\/10\/makeupbyrenata-zao-makeup-1-1.jpg\" data-elementor-open-lightbox=\"yes\" data-elementor-lightbox-slideshow=\"2e1e2203\" data-elementor-lightbox-title=\"makeupbyrenata-zao-makeup-1.jpg\" data-e-action-hash=\"#elementor-action%3Aaction%3Dlightbox%26settings%3DeyJpZCI6MTY4MCwidXJsIjoiaHR0cHM6XC9cL21ha2V1cGJ5cmVuYXRhLmNoXC93cC1jb250ZW50XC91cGxvYWRzXC9zaXRlc1wvMTc1XC8yMDE5XC8xMFwvbWFrZXVwYnlyZW5hdGEtemFvLW1ha2V1cC0xLTEuanBnIiwic2xpZGVzaG93IjoiMmUxZTIyMDMifQ%3D%3D\">\n\t\t\t\t\t<div class=\"e-gallery-image elementor-gallery-item__image\" data-thumbnail=\"https:\/\/makeupbyrenata.ch\/wp-content\/uploads\/sites\/175\/2019\/10\/makeupbyrenata-zao-makeup-1-1-300x198.jpg\" data-width=\"300\" data-height=\"198\" aria-label=\"\" role=\"img\" ><\/div>\n\t\t\t\t\t\t\t\t\t\t\t<div class=\"elementor-gallery-item__overlay\"><\/div>\n\t\t\t\t\t\t\t\t\t\t\t\t\t\t<\/a>\n\t\t\t\t\t\t\t<a class=\"e-gallery-item elementor-gallery-item elementor-animated-content\" href=\"https:\/\/makeupbyrenata.ch\/wp-content\/uploads\/sites\/175\/2019\/10\/makeupbyrenata-zao-makeup-2-1.jpg\" data-elementor-open-lightbox=\"yes\" data-elementor-lightbox-slideshow=\"2e1e2203\" data-elementor-lightbox-title=\"makeupbyrenata-zao-makeup-2.jpg\" data-e-action-hash=\"#elementor-action%3Aaction%3Dlightbox%26settings%3DeyJpZCI6MTY4MiwidXJsIjoiaHR0cHM6XC9cL21ha2V1cGJ5cmVuYXRhLmNoXC93cC1jb250ZW50XC91cGxvYWRzXC9zaXRlc1wvMTc1XC8yMDE5XC8xMFwvbWFrZXVwYnlyZW5hdGEtemFvLW1ha2V1cC0yLTEuanBnIiwic2xpZGVzaG93IjoiMmUxZTIyMDMifQ%3D%3D\">\n\t\t\t\t\t<div class=\"e-gallery-image elementor-gallery-item__image\" data-thumbnail=\"https:\/\/makeupbyrenata.ch\/wp-content\/uploads\/sites\/175\/2019\/10\/makeupbyrenata-zao-makeup-2-1-300x200.jpg\" data-width=\"300\" data-height=\"200\" aria-label=\"\" role=\"img\" ><\/div>\n\t\t\t\t\t\t\t\t\t\t\t<div class=\"elementor-gallery-item__overlay\"><\/div>\n\t\t\t\t\t\t\t\t\t\t\t\t\t\t<\/a>\n\t\t\t\t\t\t\t<a class=\"e-gallery-item elementor-gallery-item elementor-animated-content\" href=\"https:\/\/makeupbyrenata.ch\/wp-content\/uploads\/sites\/175\/2019\/10\/makeupbyrenata-zao-makeup-3-1.jpg\" data-elementor-open-lightbox=\"yes\" data-elementor-lightbox-slideshow=\"2e1e2203\" data-elementor-lightbox-title=\"makeupbyrenata-zao-makeup-3.jpg\" data-e-action-hash=\"#elementor-action%3Aaction%3Dlightbox%26settings%3DeyJpZCI6MTY4NCwidXJsIjoiaHR0cHM6XC9cL21ha2V1cGJ5cmVuYXRhLmNoXC93cC1jb250ZW50XC91cGxvYWRzXC9zaXRlc1wvMTc1XC8yMDE5XC8xMFwvbWFrZXVwYnlyZW5hdGEtemFvLW1ha2V1cC0zLTEuanBnIiwic2xpZGVzaG93IjoiMmUxZTIyMDMifQ%3D%3D\">\n\t\t\t\t\t<div class=\"e-gallery-image elementor-gallery-item__image\" data-thumbnail=\"https:\/\/makeupbyrenata.ch\/wp-content\/uploads\/sites\/175\/2019\/10\/makeupbyrenata-zao-makeup-3-1-300x300.jpg\" data-width=\"300\" data-height=\"300\" aria-label=\"\" role=\"img\" ><\/div>\n\t\t\t\t\t\t\t\t\t\t\t<div class=\"elementor-gallery-item__overlay\"><\/div>\n\t\t\t\t\t\t\t\t\t\t\t\t\t\t<\/a>\n\t\t\t\t\t\t\t<a class=\"e-gallery-item elementor-gallery-item elementor-animated-content\" href=\"https:\/\/makeupbyrenata.ch\/wp-content\/uploads\/sites\/175\/2019\/10\/makeupbyrenata-zao-makeup-4-1.jpg\" data-elementor-open-lightbox=\"yes\" data-elementor-lightbox-slideshow=\"2e1e2203\" data-elementor-lightbox-title=\"makeupbyrenata-zao-makeup-4.jpg\" data-e-action-hash=\"#elementor-action%3Aaction%3Dlightbox%26settings%3DeyJpZCI6MTY4NiwidXJsIjoiaHR0cHM6XC9cL21ha2V1cGJ5cmVuYXRhLmNoXC93cC1jb250ZW50XC91cGxvYWRzXC9zaXRlc1wvMTc1XC8yMDE5XC8xMFwvbWFrZXVwYnlyZW5hdGEtemFvLW1ha2V1cC00LTEuanBnIiwic2xpZGVzaG93IjoiMmUxZTIyMDMifQ%3D%3D\">\n\t\t\t\t\t<div class=\"e-gallery-image elementor-gallery-item__image\" data-thumbnail=\"https:\/\/makeupbyrenata.ch\/wp-content\/uploads\/sites\/175\/2019\/10\/makeupbyrenata-zao-makeup-4-1-300x200.jpg\" data-width=\"300\" data-height=\"200\" aria-label=\"\" role=\"img\" ><\/div>\n\t\t\t\t\t\t\t\t\t\t\t<div class=\"elementor-gallery-item__overlay\"><\/div>\n\t\t\t\t\t\t\t\t\t\t\t\t\t\t<\/a>\n\t\t\t\t\t\t\t<a class=\"e-gallery-item elementor-gallery-item elementor-animated-content\" href=\"https:\/\/makeupbyrenata.ch\/wp-content\/uploads\/sites\/175\/2019\/10\/makeupbyrenata-zao-makeup-5-1.jpg\" data-elementor-open-lightbox=\"yes\" data-elementor-lightbox-slideshow=\"2e1e2203\" data-elementor-lightbox-title=\"makeupbyrenata-zao-makeup-5.jpg\" data-e-action-hash=\"#elementor-action%3Aaction%3Dlightbox%26settings%3DeyJpZCI6MTY4OCwidXJsIjoiaHR0cHM6XC9cL21ha2V1cGJ5cmVuYXRhLmNoXC93cC1jb250ZW50XC91cGxvYWRzXC9zaXRlc1wvMTc1XC8yMDE5XC8xMFwvbWFrZXVwYnlyZW5hdGEtemFvLW1ha2V1cC01LTEuanBnIiwic2xpZGVzaG93IjoiMmUxZTIyMDMifQ%3D%3D\">\n\t\t\t\t\t<div class=\"e-gallery-image elementor-gallery-item__image\" data-thumbnail=\"https:\/\/makeupbyrenata.ch\/wp-content\/uploads\/sites\/175\/2019\/10\/makeupbyrenata-zao-makeup-5-1-300x200.jpg\" data-width=\"300\" data-height=\"200\" aria-label=\"\" role=\"img\" ><\/div>\n\t\t\t\t\t\t\t\t\t\t\t<div class=\"elementor-gallery-item__overlay\"><\/div>\n\t\t\t\t\t\t\t\t\t\t\t\t\t\t<\/a>\n\t\t\t\t\t\t\t<a class=\"e-gallery-item elementor-gallery-item elementor-animated-content\" href=\"https:\/\/makeupbyrenata.ch\/wp-content\/uploads\/sites\/175\/2019\/10\/makeupbyrenata-zao-makeup-6-1.jpg\" data-elementor-open-lightbox=\"yes\" data-elementor-lightbox-slideshow=\"2e1e2203\" data-elementor-lightbox-title=\"makeupbyrenata-zao-makeup-6.jpg\" data-e-action-hash=\"#elementor-action%3Aaction%3Dlightbox%26settings%3DeyJpZCI6MTY5MCwidXJsIjoiaHR0cHM6XC9cL21ha2V1cGJ5cmVuYXRhLmNoXC93cC1jb250ZW50XC91cGxvYWRzXC9zaXRlc1wvMTc1XC8yMDE5XC8xMFwvbWFrZXVwYnlyZW5hdGEtemFvLW1ha2V1cC02LTEuanBnIiwic2xpZGVzaG93IjoiMmUxZTIyMDMifQ%3D%3D\">\n\t\t\t\t\t<div class=\"e-gallery-image elementor-gallery-item__image\" data-thumbnail=\"https:\/\/makeupbyrenata.ch\/wp-content\/uploads\/sites\/175\/2019\/10\/makeupbyrenata-zao-makeup-6-1-300x300.jpg\" data-width=\"300\" data-height=\"300\" aria-label=\"\" role=\"img\" ><\/div>\n\t\t\t\t\t\t\t\t\t\t\t<div class=\"elementor-gallery-item__overlay\"><\/div>\n\t\t\t\t\t\t\t\t\t\t\t\t\t\t<\/a>\n\t\t\t\t\t<\/div>\n\t\t\t\t\t<\/div>\n\t\t\t\t<\/div>\n\t\t\t\t\t<\/div>\n\t\t<\/div>\n\t\t\t\t\t<\/div>\n\t\t<\/section>\n\t\t\t\t<section class=\"elementor-section elementor-top-section elementor-element elementor-element-218fef5b elementor-section-content-middle elementor-section-boxed elementor-section-height-default elementor-section-height-default\" data-id=\"218fef5b\" data-element_type=\"section\" data-e-type=\"section\">\n\t\t\t\t\t\t<div class=\"elementor-container elementor-column-gap-no\">\n\t\t\t\t\t<div class=\"elementor-column elementor-col-100 elementor-top-column elementor-element elementor-element-459fd724\" data-id=\"459fd724\" data-element_type=\"column\" data-e-type=\"column\">\n\t\t\t<div class=\"elementor-widget-wrap elementor-element-populated\">\n\t\t\t\t\t\t<div class=\"elementor-element elementor-element-7c8972a4 elementor-widget elementor-widget-heading\" data-id=\"7c8972a4\" data-element_type=\"widget\" data-e-type=\"widget\" data-widget_type=\"heading.default\">\n\t\t\t\t<div class=\"elementor-widget-container\">\n\t\t\t\t\t<h3 class=\"elementor-heading-title elementor-size-default\">Hast du Fragen zu den Produkten von ZAO Make-up?<\/h3>\t\t\t\t<\/div>\n\t\t\t\t<\/div>\n\t\t\t\t<div class=\"elementor-element elementor-element-3a4d60d8 elementor-button-align-end elementor-mobile-button-align-center elementor-widget elementor-widget-form\" data-id=\"3a4d60d8\" data-element_type=\"widget\" data-e-type=\"widget\" data-settings=\"{&quot;button_width&quot;:&quot;100&quot;,&quot;step_next_label&quot;:&quot;N\\u00e4chster&quot;,&quot;step_previous_label&quot;:&quot;Voriger&quot;,&quot;step_type&quot;:&quot;number_text&quot;,&quot;step_icon_shape&quot;:&quot;circle&quot;}\" data-widget_type=\"form.default\">\n\t\t\t\t<div class=\"elementor-widget-container\">\n\t\t\t\t\t\t\t<form class=\"elementor-form\" method=\"post\" name=\"ZAO Makeup GER\" aria-label=\"ZAO Makeup GER\">\n\t\t\t<input type=\"hidden\" name=\"post_id\" value=\"1676\"\/>\n\t\t\t<input type=\"hidden\" name=\"form_id\" value=\"3a4d60d8\"\/>\n\t\t\t<input type=\"hidden\" name=\"referer_title\" value=\"ZAO Makeup\" \/>\n\n\t\t\t\t\t\t\t<input type=\"hidden\" name=\"queried_id\" value=\"1676\"\/>\n\t\t\t\n\t\t\t<div class=\"elementor-form-fields-wrapper elementor-labels-above\">\n\t\t\t\t\t\t\t\t<div class=\"elementor-field-type-text elementor-field-group elementor-column elementor-field-group-name elementor-col-50\">\n\t\t\t\t\t\t\t\t\t\t\t\t<label for=\"form-field-name\" class=\"elementor-field-label\">\n\t\t\t\t\t\t\t\tVorname\t\t\t\t\t\t\t<\/label>\n\t\t\t\t\t\t\t\t\t\t\t\t\t\t<input size=\"1\" type=\"text\" name=\"form_fields[name]\" id=\"form-field-name\" class=\"elementor-field elementor-size-sm  elementor-field-textual\" placeholder=\"Vorname\">\n\t\t\t\t\t\t\t\t\t\t\t<\/div>\n\t\t\t\t\t\t\t\t<div class=\"elementor-field-type-text elementor-field-group elementor-column elementor-field-group-field_1 elementor-col-50\">\n\t\t\t\t\t\t\t\t\t\t\t\t<label for=\"form-field-field_1\" class=\"elementor-field-label\">\n\t\t\t\t\t\t\t\tName\t\t\t\t\t\t\t<\/label>\n\t\t\t\t\t\t\t\t\t\t\t\t\t\t<input size=\"1\" type=\"text\" name=\"form_fields[field_1]\" id=\"form-field-field_1\" class=\"elementor-field elementor-size-sm  elementor-field-textual\" placeholder=\"Name\">\n\t\t\t\t\t\t\t\t\t\t\t<\/div>\n\t\t\t\t\t\t\t\t<div class=\"elementor-field-type-email elementor-field-group elementor-column elementor-field-group-email elementor-col-50 elementor-field-required\">\n\t\t\t\t\t\t\t\t\t\t\t\t<label for=\"form-field-email\" class=\"elementor-field-label\">\n\t\t\t\t\t\t\t\tE-MAIL\t\t\t\t\t\t\t<\/label>\n\t\t\t\t\t\t\t\t\t\t\t\t\t\t<input size=\"1\" type=\"email\" name=\"form_fields[email]\" id=\"form-field-email\" class=\"elementor-field elementor-size-sm  elementor-field-textual\" placeholder=\"E-mail\" required=\"required\">\n\t\t\t\t\t\t\t\t\t\t\t<\/div>\n\t\t\t\t\t\t\t\t<div class=\"elementor-field-type-tel elementor-field-group elementor-column elementor-field-group-field_2 elementor-col-50 elementor-field-required\">\n\t\t\t\t\t\t\t\t\t\t\t\t<label for=\"form-field-field_2\" class=\"elementor-field-label\">\n\t\t\t\t\t\t\t\tTelefon\t\t\t\t\t\t\t<\/label>\n\t\t\t\t\t\t\t\t<input size=\"1\" type=\"tel\" name=\"form_fields[field_2]\" id=\"form-field-field_2\" class=\"elementor-field elementor-size-sm  elementor-field-textual\" placeholder=\"Telefon\" required=\"required\" pattern=\"[0-9()#&amp;+*-=.]+\" title=\"Nur Nummern oder Telefon-Zeichen (#, -, *, etc) werden akzeptiert.\">\n\n\t\t\t\t\t\t<\/div>\n\t\t\t\t\t\t\t\t<div class=\"elementor-field-type-checkbox elementor-field-group elementor-column elementor-field-group-field_5 elementor-col-100\">\n\t\t\t\t\t\t\t\t\t\t\t\t<label for=\"form-field-field_5\" class=\"elementor-field-label\">\n\t\t\t\t\t\t\t\tIch m\u00f6chte:\t\t\t\t\t\t\t<\/label>\n\t\t\t\t\t\t<div class=\"elementor-field-subgroup  \"><span class=\"elementor-field-option\"><input type=\"checkbox\" value=\"Eine Produktberatung\" id=\"form-field-field_5-0\" name=\"form_fields[field_5][]\"> <label for=\"form-field-field_5-0\">Eine Produktberatung<\/label><\/span><span class=\"elementor-field-option\"><input type=\"checkbox\" value=\"Produkte bestellen\" id=\"form-field-field_5-1\" name=\"form_fields[field_5][]\"> <label for=\"form-field-field_5-1\">Produkte bestellen<\/label><\/span><\/div>\t\t\t\t<\/div>\n\t\t\t\t\t\t\t\t<div class=\"elementor-field-type-textarea elementor-field-group elementor-column elementor-field-group-6ed25c0 elementor-col-100\">\n\t\t\t\t\t\t\t\t\t\t\t\t<label for=\"form-field-6ed25c0\" class=\"elementor-field-label\">\n\t\t\t\t\t\t\t\tNachricht\t\t\t\t\t\t\t<\/label>\n\t\t\t\t\t\t<textarea class=\"elementor-field-textual elementor-field  elementor-size-sm\" name=\"form_fields[6ed25c0]\" id=\"form-field-6ed25c0\" rows=\"4\"><\/textarea>\t\t\t\t<\/div>\n\t\t\t\t\t\t\t\t<div class=\"elementor-field-group elementor-column elementor-field-type-submit elementor-col-100 e-form__buttons\">\n\t\t\t\t\t<button class=\"elementor-button elementor-size-md\" type=\"submit\">\n\t\t\t\t\t\t<span class=\"elementor-button-content-wrapper\">\n\t\t\t\t\t\t\t\t\t\t\t\t\t\t\t\t\t\t\t\t\t\t<span class=\"elementor-button-text\">Senden<\/span>\n\t\t\t\t\t\t\t\t\t\t\t\t\t<\/span>\n\t\t\t\t\t<\/button>\n\t\t\t\t<\/div>\n\t\t\t<\/div>\n\t\t<\/form>\n\t\t\t\t\t\t<\/div>\n\t\t\t\t<\/div>\n\t\t\t\t\t<\/div>\n\t\t<\/div>\n\t\t\t\t\t<\/div>\n\t\t<\/section>\n\t\t\t\t<\/div>\n\t\t","protected":false},"excerpt":{"rendered":"<p>ZAO Make-up nat\u00fcrlich, organisch, vegan &amp; nachf\u00fcllbar. Die Sch\u00f6nheit von Bambus in der Verpackung, Die Vorteile von Bambus im Produkt. Hochwertige Kosmetik in sch\u00f6nen und wiederbef\u00fcllbaren Bambus-Etuis. ZAO ist die erste wiederbef\u00fcllbare Make-up-Marke, die 100% nat\u00fcrlich und \u00fcberdies nach den strengen Richtlinien von ECOCERT zertifiziert ist. Ich freue mich als offizielle Partnerin von ZAO Make-up [&hellip;]<\/p>\n","protected":false},"author":10220,"featured_media":0,"parent":0,"menu_order":0,"comment_status":"closed","ping_status":"closed","template":"","meta":{"_acf_changed":false,"_seopress_robots_primary_cat":"","_seopress_titles_title":"","_seopress_titles_desc":"","_seopress_robots_index":"","footnotes":""},"class_list":["post-1676","page","type-page","status-publish","hentry"],"acf":[],"jetpack_sharing_enabled":true,"_links":{"self":[{"href":"https:\/\/makeupbyrenata.ch\/de\/wp-json\/wp\/v2\/pages\/1676","targetHints":{"allow":["GET"]}}],"collection":[{"href":"https:\/\/makeupbyrenata.ch\/de\/wp-json\/wp\/v2\/pages"}],"about":[{"href":"https:\/\/makeupbyrenata.ch\/de\/wp-json\/wp\/v2\/types\/page"}],"author":[{"embeddable":true,"href":"https:\/\/makeupbyrenata.ch\/de\/wp-json\/wp\/v2\/users\/10220"}],"replies":[{"embeddable":true,"href":"https:\/\/makeupbyrenata.ch\/de\/wp-json\/wp\/v2\/comments?post=1676"}],"version-history":[{"count":8,"href":"https:\/\/makeupbyrenata.ch\/de\/wp-json\/wp\/v2\/pages\/1676\/revisions"}],"predecessor-version":[{"id":1954,"href":"https:\/\/makeupbyrenata.ch\/de\/wp-json\/wp\/v2\/pages\/1676\/revisions\/1954"}],"wp:attachment":[{"href":"https:\/\/makeupbyrenata.ch\/de\/wp-json\/wp\/v2\/media?parent=1676"}],"curies":[{"name":"wp","href":"https:\/\/api.w.org\/{rel}","templated":true}]}}