{"id":2097,"date":"2020-06-08T09:31:31","date_gmt":"2020-06-08T09:31:31","guid":{"rendered":"https:\/\/makeupbyrenata.ch\/?post_type=product&#038;p=2097"},"modified":"2020-10-29T11:13:37","modified_gmt":"2020-10-29T10:13:37","slug":"zao-636","status":"publish","type":"product","link":"https:\/\/makeupbyrenata.ch\/de\/shop\/smalti-e-trattamento-unghie\/zao-636\/","title":{"rendered":"Top Coat"},"content":{"rendered":"<div class=\"page\" title=\"Page 62\">\n<div class=\"section\">\n<div class=\"layoutArea\">\n<div class=\"column\">\n<p>INGREDIENTE CHIAVE:<\/p>\n<p>\u2022 Macerato di rizoma di bamb\u00f9: naturalmente ricco di silice organica, rende le unghie pi\u00f9 forti e pi\u00f9 resistenti.<\/p>\n<\/div>\n<\/div>\n<\/div>\n<\/div>\n","protected":false},"excerpt":{"rendered":"<div class=\"page\" title=\"Page 62\">\n<div class=\"section\">\n<div class=\"layoutArea\">\n<div class=\"column\">\n<p>L\u2019applicazione di un Top coat \u00e8 la tappa pi\u00f9 importante per una manicure perfetta e duratura. Che sia per una french manicure o una manicure tradizionale, solo il Top coat vi consente di ottimizzare la tenuta del vostro smalto.<\/p>\n<p>I 2 Top coat Zao contribuiscono a fortificare l\u2019unghia perch\u00e9 arricchiti in macerato di rizoma di bamb\u00f9, ricco di silice organica. Offrono un\u2019eccellente tenuta, un finito ultra- brillante e un\u2019asciugatura rapida. L\u2019applicazione viene facilitata dal pennello largo e piatto che permette una diffusione perfetta del prodotto sull\u2019insieme dell\u2019unghia.<\/p>\n<\/div>\n<\/div>\n<div class=\"layoutArea\">\n<div class=\"column\">\n<p>Top Coat glitterato 665: questo top coat dalle finissime paillettes dona un tocco originale ai vostri smalti colorati. Il risultato \u00e8 un finito glitterato che esalta la luminosit\u00e0 e la profondit\u00e0 del colore. Pu\u00f2 essere indossato anche da solo, su una base trasparente, per una manicure discreta e luminosa.<\/p>\n<p>Il Top Coat Glitterato \u00e8 Vegan e garantito 10 Free, cio\u00e8, senza toluene*, formaldeide, resina di formaldeide, canfora sintetica, dibutilftalate*, parabeni, xilene, colofonia*, stirene e benzofenone (*ingredienti potenzialmente presenti in quanto impurit\u00e0 inevitabile, allo stato di trace).<\/p>\n<p>Duo Base &amp; Top Coat 636: Insieme Base e Top coat, \u00e8 un must have! Come base, protegge e si prende cura delle unghie. Come top coat, prolunga la tenuta del vostro smalto e ne rafforza la brillantezza. Pu\u00f2 anche essere utilizzato da solo come smalto trasparente.<\/p>\n<p>Per proporvi dei prodotti sempre pi\u00f9 rispettosi dell\u2019ambiente e della vostra salute, il Top coat\u00a0classico ha cambiato formula. Adesso l\u201982% degli ingredienti che lo compongono sono di origine\u00a0vegetale (derivati da patata, mais, grano e manioca). In pi\u00f9 \u00e9 certificato Vegan e garantito\u00a010 Free*, in effetti 2 nuovi ingredienti nocivi sono stati tolti, lo stirene e il benzofenone. (*Il Top coat classico \u00ab10 Free\u00bb \u00e8 riconoscibile grazie all\u2019etichetta verde incollata sul tappo in bamb\u00f9.)<\/p>\n<\/div>\n<\/div>\n<\/div>\n<\/div>\n","protected":false},"featured_media":3054,"template":"","meta":{"_acf_changed":false,"_seopress_robots_primary_cat":"none","_seopress_titles_title":"","_seopress_titles_desc":"","_seopress_robots_index":"","_seopress_analysis_target_kw":""},"product_brand":[],"product_cat":[55],"product_tag":[294,295,261,263,292,293],"class_list":{"0":"post-2097","1":"product","2":"type-product","3":"status-publish","4":"has-post-thumbnail","6":"product_cat-smalti-e-trattamento-unghie","7":"product_tag-294","8":"product_tag-295","9":"product_tag-cosmesi-naturali","10":"product_tag-smalto-per-le-unghie","11":"product_tag-top-coat","12":"product_tag-top-coat-glitterato","14":"first","15":"instock","16":"shipping-taxable","17":"purchasable","18":"product-type-variable"},"acf":[],"jetpack_sharing_enabled":true,"_links":{"self":[{"href":"https:\/\/makeupbyrenata.ch\/de\/wp-json\/wp\/v2\/product\/2097","targetHints":{"allow":["GET"]}}],"collection":[{"href":"https:\/\/makeupbyrenata.ch\/de\/wp-json\/wp\/v2\/product"}],"about":[{"href":"https:\/\/makeupbyrenata.ch\/de\/wp-json\/wp\/v2\/types\/product"}],"wp:featuredmedia":[{"embeddable":true,"href":"https:\/\/makeupbyrenata.ch\/de\/wp-json\/wp\/v2\/media\/3054"}],"wp:attachment":[{"href":"https:\/\/makeupbyrenata.ch\/de\/wp-json\/wp\/v2\/media?parent=2097"}],"wp:term":[{"taxonomy":"product_brand","embeddable":true,"href":"https:\/\/makeupbyrenata.ch\/de\/wp-json\/wp\/v2\/product_brand?post=2097"},{"taxonomy":"product_cat","embeddable":true,"href":"https:\/\/makeupbyrenata.ch\/de\/wp-json\/wp\/v2\/product_cat?post=2097"},{"taxonomy":"product_tag","embeddable":true,"href":"https:\/\/makeupbyrenata.ch\/de\/wp-json\/wp\/v2\/product_tag?post=2097"}],"curies":[{"name":"wp","href":"https:\/\/api.w.org\/{rel}","templated":true}]}}