{"id":2279,"date":"2020-06-08T14:16:36","date_gmt":"2020-06-08T14:16:36","guid":{"rendered":"https:\/\/makeupbyrenata.ch\/?post_type=product&#038;p=2279"},"modified":"2020-10-28T17:14:24","modified_gmt":"2020-10-28T16:14:24","slug":"zao-642","status":"publish","type":"product","link":"https:\/\/makeupbyrenata.ch\/de\/shop\/smalti-e-trattamento-unghie\/zao-642\/","title":{"rendered":"French Manicure"},"content":{"rendered":"<div class=\"page\" title=\"Page 61\">\n<div class=\"section\">\n<div class=\"layoutArea\">\n<div class=\"column\">\n<p>INGREDIENTE CHIAVE:<\/p>\n<p>\u2022 Macerato di rizoma di bamb\u00f9: naturalmente ricco di silice organica, rende le unghie pi\u00f9 forti e pi\u00f9 resistenti.<\/p>\n<\/div>\n<\/div>\n<\/div>\n<\/div>\n","protected":false},"excerpt":{"rendered":"<div class=\"page\" title=\"Page 61\">\n<div class=\"section\">\n<div class=\"layoutArea\">\n<div class=\"column\">\n<p>Per delle unghie impeccabili e naturali niente di meglio di una bella French Manicure Zao Make-Up. Espressione del glamour alla francese, la French Manicure \u00e8 nata negli anni 70 negli Stati Uniti. Molto popolare tra le star hollywoodiane, fu chiamata \u201cFrench\u201d in riferimento alla \u201cFrench Touch\u201d sinonimo di eleganza e raffinatezza. Con gli Smalti French Zao ottenete delle unghie impeccabilmente curate dallo stile fresco, elegante e sofisticato.<\/p>\n<p>Gli smalti French Manicure Zao sono certificati Vegan e garantiti\u00a010 Free, cio\u00e8, senza toluene*, formaldeide, resina di formaldeide,\u00a0canfora sintetica, dibutilftalate*, parabeni, xilene, colofonia*, stirene\u00a0e benzofenone (* ingredienti potenzialmente presenti in quanto impurit\u00e0 inevitabile, allo stato di tracce).<\/p>\n<p>Per proporvi prodotti sempre pi\u00f9 rispettosi dell\u2019ambiente e della vostra salute, le French manicure cambiano formula. Di fatto, le formule che erano 8 Free sono ora 10 Free.<br \/>\nInoltre, a secondo delle referenze, dal 76% al 84% degli ingredienti che li compongono sono di origine vegetale (derivati dalle patate, dal mais, dal grano e dalla manioca).<\/p>\n<p>Gli smalti French Manicure Zao contribuiscono a fortificare l\u2019unghia perch\u00e9 sono arricchiti di macerato di rizoma di bamb\u00f9, ricco di silice organica. Offrono un\u2019eccellente tenuta, un finito ultra- brillante e un\u2019asciugatura rapida. L\u2019applicazione viene facilitata dal pennello largo e piatto che permette una diffusione perfetta del prodotto sull\u2019insieme dell\u2019unghia.<\/p>\n<\/div>\n<\/div>\n<\/div>\n<\/div>\n","protected":false},"featured_media":3046,"template":"","meta":{"_acf_changed":false,"_seopress_robots_primary_cat":"none","_seopress_titles_title":"","_seopress_titles_desc":"","_seopress_robots_index":"","_seopress_analysis_target_kw":""},"product_brand":[],"product_cat":[55],"product_tag":[289,290,291,288,264],"class_list":{"0":"post-2279","1":"product","2":"type-product","3":"status-publish","4":"has-post-thumbnail","6":"product_cat-smalti-e-trattamento-unghie","7":"product_tag-289","8":"product_tag-290","9":"product_tag-291","10":"product_tag-french-manicure","11":"product_tag-smalto-naturale","13":"first","14":"instock","15":"shipping-taxable","16":"purchasable","17":"product-type-variable"},"acf":[],"jetpack_sharing_enabled":true,"_links":{"self":[{"href":"https:\/\/makeupbyrenata.ch\/de\/wp-json\/wp\/v2\/product\/2279","targetHints":{"allow":["GET"]}}],"collection":[{"href":"https:\/\/makeupbyrenata.ch\/de\/wp-json\/wp\/v2\/product"}],"about":[{"href":"https:\/\/makeupbyrenata.ch\/de\/wp-json\/wp\/v2\/types\/product"}],"wp:featuredmedia":[{"embeddable":true,"href":"https:\/\/makeupbyrenata.ch\/de\/wp-json\/wp\/v2\/media\/3046"}],"wp:attachment":[{"href":"https:\/\/makeupbyrenata.ch\/de\/wp-json\/wp\/v2\/media?parent=2279"}],"wp:term":[{"taxonomy":"product_brand","embeddable":true,"href":"https:\/\/makeupbyrenata.ch\/de\/wp-json\/wp\/v2\/product_brand?post=2279"},{"taxonomy":"product_cat","embeddable":true,"href":"https:\/\/makeupbyrenata.ch\/de\/wp-json\/wp\/v2\/product_cat?post=2279"},{"taxonomy":"product_tag","embeddable":true,"href":"https:\/\/makeupbyrenata.ch\/de\/wp-json\/wp\/v2\/product_tag?post=2279"}],"curies":[{"name":"wp","href":"https:\/\/api.w.org\/{rel}","templated":true}]}}