{"id":2453,"date":"2020-06-23T21:28:15","date_gmt":"2020-06-23T19:28:15","guid":{"rendered":"https:\/\/makeupbyrenata.ch\/?post_type=product&#038;p=2453"},"modified":"2020-10-27T16:09:15","modified_gmt":"2020-10-27T15:09:15","slug":"olio-struccante-zao","status":"publish","type":"product","link":"https:\/\/makeupbyrenata.ch\/de\/shop\/struccanti\/olio-struccante-zao\/","title":{"rendered":"Olio Struccante"},"content":{"rendered":"<p>INGREDIENTI CHIAVE:<br \/>\n\u2022 Estratto di fiori di calendula bio: conosciuto per le sue virt\u00f9 lenitive e rivitalizzante, \u00e8 l\u2019ingrediente\u00a0perfetto per prendersi cura delle pelli inclini a disagio.<br \/>\n\u2022 Olio di babassu bio: quest\u2019olio ha straordinarie propriet\u00e0 rigeneranti e antiossidanti. La sua\u00a0texture fine e penetrante facilita la rimozione del trucco apportando l\u2019idratazione e la\u00a0morbidezza di cui la pelle necessita.<br \/>\n\u2022 Olio di macadamia bio: ristrutturante, nutriente, protettivo e lenitivo, questo olio \u00e8 ideale per le\u00a0pelli sensibili e disidratate. Penetra velocemente senza lasciare un film grasso sulla pelle.L\u2019Olio struccante bio Zao Make-Up \u00e8 perfetto per struccare e detergere la pelle senza aggredirla perch\u00e9 il trucco e le impurit\u00e0 sono generalmente lipofile, Vale a dire solubili in una sostanza grassa. Da qui il vantaggio di favorire una texture oleosa per detergere la pelle, soprattutto se usate fondotinta, cipria o fard tutti i giorni.<\/p>\n","protected":false},"excerpt":{"rendered":"<p>L\u2019Olio struccante bio Zao Make-Up \u00e8 perfetto per struccare e\u00a0detergere la pelle senza aggredirla perch\u00e9 il trucco e le\u00a0impurit\u00e0 sono generalmente lipofile, vale a dire solubili in una\u00a0sostanza grassa. Da qui il vantaggio di favorire una texture\u00a0oleosa per detergere la pelle, soprattutto se usate fondotinta,\u00a0cipria o fard tutti i giorni.<\/p>\n","protected":false},"featured_media":2454,"template":"","meta":{"_acf_changed":false,"_seopress_robots_primary_cat":"none","_seopress_titles_title":"","_seopress_titles_desc":"","_seopress_robots_index":""},"product_brand":[],"product_cat":[66],"product_tag":[123,124,70,122,125,68,119,73,74],"class_list":{"0":"post-2453","1":"product","2":"type-product","3":"status-publish","4":"has-post-thumbnail","6":"product_cat-struccanti","7":"product_tag-123","8":"product_tag-huile-demaquillante","9":"product_tag-makeupremover","10":"product_tag-olio-struccante","11":"product_tag-reinigungsol","12":"product_tag-struccante","13":"product_tag-struccante-naturale","14":"product_tag-zao","15":"product_tag-zaomakeup","17":"first","18":"instock","19":"shipping-taxable","20":"purchasable","21":"product-type-simple"},"acf":[],"jetpack_sharing_enabled":true,"_links":{"self":[{"href":"https:\/\/makeupbyrenata.ch\/de\/wp-json\/wp\/v2\/product\/2453","targetHints":{"allow":["GET"]}}],"collection":[{"href":"https:\/\/makeupbyrenata.ch\/de\/wp-json\/wp\/v2\/product"}],"about":[{"href":"https:\/\/makeupbyrenata.ch\/de\/wp-json\/wp\/v2\/types\/product"}],"wp:featuredmedia":[{"embeddable":true,"href":"https:\/\/makeupbyrenata.ch\/de\/wp-json\/wp\/v2\/media\/2454"}],"wp:attachment":[{"href":"https:\/\/makeupbyrenata.ch\/de\/wp-json\/wp\/v2\/media?parent=2453"}],"wp:term":[{"taxonomy":"product_brand","embeddable":true,"href":"https:\/\/makeupbyrenata.ch\/de\/wp-json\/wp\/v2\/product_brand?post=2453"},{"taxonomy":"product_cat","embeddable":true,"href":"https:\/\/makeupbyrenata.ch\/de\/wp-json\/wp\/v2\/product_cat?post=2453"},{"taxonomy":"product_tag","embeddable":true,"href":"https:\/\/makeupbyrenata.ch\/de\/wp-json\/wp\/v2\/product_tag?post=2453"}],"curies":[{"name":"wp","href":"https:\/\/api.w.org\/{rel}","templated":true}]}}