{"id":2462,"date":"2020-06-23T21:52:47","date_gmt":"2020-06-23T19:52:47","guid":{"rendered":"https:\/\/makeupbyrenata.ch\/?post_type=product&#038;p=2462"},"modified":"2020-10-27T16:03:50","modified_gmt":"2020-10-27T15:03:50","slug":"mousse-detergente-zao","status":"publish","type":"product","link":"https:\/\/makeupbyrenata.ch\/de\/shop\/struccanti\/mousse-detergente-zao\/","title":{"rendered":"Mousse Detergente Viso"},"content":{"rendered":"<p>INGREDIENTI CHIAVE:<br \/>\n\u2022 Idrolato di melissa bio: attivo rivitalizzante, lenitivo e ammorbidente, \u00e8 perfetto per le pelli\u00a0mature, secche e irritate cosi come per le pelli con imperfezioni.<br \/>\n\u2022 Idrolato di bamb\u00f9 bio: ricco di silice organica l\u2019idrolato di bamb\u00f9 bio \u00e8 noto per le sue virt\u00f9\u00a0idratanti e rigeneranti. Questo apporto esterno \u00e8 necessario per il buon mantenimento\u00a0dell\u2019elasticit\u00e0 dei tessuti e della pelle.<br \/>\n\u2022 Polvere di aloe vera: le propriet\u00e0 lenitive e rigeneranti della polvere di aloe vera apportano tutta\u00a0la morbidezza necessaria per una pelle bella.<\/p>\n","protected":false},"excerpt":{"rendered":"<p>L\u2019estrema leggerezza della mousse struccante bio ZAO Make-Up, dal profumo delicato, consente una detersione delicata e purificante grazie all\u2019azione combinata dei suoi idrolati di melissa bio, di fiordaliso bio e della polvere di aloe vera bio. La propriet\u00e0 rigenerante dell\u2019idrolato di bamb\u00f9 bio lascia la pelle tonica. Estremamente dolce, la Mousse detergente \u00e8 adatta a tutti i tipi di pelle.<\/p>\n","protected":false},"featured_media":2463,"template":"","meta":{"_acf_changed":false,"_seopress_robots_primary_cat":"none","_seopress_titles_title":"","_seopress_titles_desc":"","_seopress_robots_index":""},"product_brand":[],"product_cat":[66],"product_tag":[101,118,115,117,83],"class_list":{"0":"post-2462","1":"product","2":"type-product","3":"status-publish","4":"has-post-thumbnail","6":"product_cat-struccanti","7":"product_tag-100-naturale","8":"product_tag-118","9":"product_tag-struccante-delicato","10":"product_tag-struccante-viso","11":"product_tag-vegano","13":"first","14":"instock","15":"shipping-taxable","16":"purchasable","17":"product-type-simple"},"acf":[],"jetpack_sharing_enabled":true,"_links":{"self":[{"href":"https:\/\/makeupbyrenata.ch\/de\/wp-json\/wp\/v2\/product\/2462","targetHints":{"allow":["GET"]}}],"collection":[{"href":"https:\/\/makeupbyrenata.ch\/de\/wp-json\/wp\/v2\/product"}],"about":[{"href":"https:\/\/makeupbyrenata.ch\/de\/wp-json\/wp\/v2\/types\/product"}],"wp:featuredmedia":[{"embeddable":true,"href":"https:\/\/makeupbyrenata.ch\/de\/wp-json\/wp\/v2\/media\/2463"}],"wp:attachment":[{"href":"https:\/\/makeupbyrenata.ch\/de\/wp-json\/wp\/v2\/media?parent=2462"}],"wp:term":[{"taxonomy":"product_brand","embeddable":true,"href":"https:\/\/makeupbyrenata.ch\/de\/wp-json\/wp\/v2\/product_brand?post=2462"},{"taxonomy":"product_cat","embeddable":true,"href":"https:\/\/makeupbyrenata.ch\/de\/wp-json\/wp\/v2\/product_cat?post=2462"},{"taxonomy":"product_tag","embeddable":true,"href":"https:\/\/makeupbyrenata.ch\/de\/wp-json\/wp\/v2\/product_tag?post=2462"}],"curies":[{"name":"wp","href":"https:\/\/api.w.org\/{rel}","templated":true}]}}