{"id":2465,"date":"2020-06-23T22:00:27","date_gmt":"2020-06-23T20:00:27","guid":{"rendered":"https:\/\/makeupbyrenata.ch\/?post_type=product&#038;p=2465"},"modified":"2020-10-27T16:02:04","modified_gmt":"2020-10-27T15:02:04","slug":"2465","status":"publish","type":"product","link":"https:\/\/makeupbyrenata.ch\/de\/shop\/struccanti\/2465\/","title":{"rendered":"Latte Struccante Occhi"},"content":{"rendered":"<p>INGREDIENTI CHIAVE:<br \/>\n\u2022 Olio di sesamo bio: ricco di acidi grassi essenziali, quest\u2019olio \u00e8 sia ristrutturante che\u00a0ammorbidente. Porta tutto il nutrimento di cui la pelle ha bisogno senza lasciare un film grasso.<br \/>\n\u2022 Olio di babassu bio: quest\u2019olio ha straordinarie propriet\u00e0 rigeneranti e antiossidanti. La sua\u00a0texture fine e penetrante facilita la rimozione del trucco apportando l\u2019idratazione e la\u00a0morbidezza di cui la pelle necessita.<br \/>\n\u2022 Idrolato di fiordaliso bio: le sue virt\u00f9 lenitive e rivitalizzanti fanno di questo idrolato un vero e\u00a0proprio trattamento per gli occhi stanchi o delicati.<br \/>\n\u2022 Idrolato di melissa bio: attivo rivitalizzante, lenitivo e ammorbidente, \u00e8 perfetto per le pelli\u00a0mature, secche e irritate cosi come per le pelli con imperfezioni.<\/p>\n","protected":false},"excerpt":{"rendered":"<p>Per un d\u00e9maquillage delicato ed efficace: il latte struccante contorno occhi Zao Make-Up elimina le impurit\u00e0 e il trucco nel rispetto della pelle. La sua formula delicata, a base di idrolato di fiordaliso, \u00e8 ideale per il contorno degli occhi pi\u00f9 sensibili. Molto pi\u00f9 fine, pi\u00f9 sensibile, necessita di cure e trattamenti particolari. Ecco perch\u00e9 Zao Make-Up vi propone un Latte struccante contorno occhi bio ultra delicato.<\/p>\n","protected":false},"featured_media":2466,"template":"","meta":{"_acf_changed":false,"_seopress_robots_primary_cat":"none","_seopress_titles_title":"","_seopress_titles_desc":"","_seopress_robots_index":""},"product_brand":[],"product_cat":[66],"product_tag":[116,75,78,76,79,77,114,68,115],"class_list":{"0":"post-2465","1":"product","2":"type-product","3":"status-publish","4":"has-post-thumbnail","6":"product_cat-struccanti","7":"product_tag-116","8":"product_tag-bio","9":"product_tag-cosmeticanaturale","10":"product_tag-crueltyfree","11":"product_tag-ecosostenibile","12":"product_tag-naturale","13":"product_tag-stru","14":"product_tag-struccante","15":"product_tag-struccante-delicato","17":"first","18":"instock","19":"shipping-taxable","20":"purchasable","21":"product-type-simple"},"acf":[],"jetpack_sharing_enabled":true,"_links":{"self":[{"href":"https:\/\/makeupbyrenata.ch\/de\/wp-json\/wp\/v2\/product\/2465","targetHints":{"allow":["GET"]}}],"collection":[{"href":"https:\/\/makeupbyrenata.ch\/de\/wp-json\/wp\/v2\/product"}],"about":[{"href":"https:\/\/makeupbyrenata.ch\/de\/wp-json\/wp\/v2\/types\/product"}],"wp:featuredmedia":[{"embeddable":true,"href":"https:\/\/makeupbyrenata.ch\/de\/wp-json\/wp\/v2\/media\/2466"}],"wp:attachment":[{"href":"https:\/\/makeupbyrenata.ch\/de\/wp-json\/wp\/v2\/media?parent=2465"}],"wp:term":[{"taxonomy":"product_brand","embeddable":true,"href":"https:\/\/makeupbyrenata.ch\/de\/wp-json\/wp\/v2\/product_brand?post=2465"},{"taxonomy":"product_cat","embeddable":true,"href":"https:\/\/makeupbyrenata.ch\/de\/wp-json\/wp\/v2\/product_cat?post=2465"},{"taxonomy":"product_tag","embeddable":true,"href":"https:\/\/makeupbyrenata.ch\/de\/wp-json\/wp\/v2\/product_tag?post=2465"}],"curies":[{"name":"wp","href":"https:\/\/api.w.org\/{rel}","templated":true}]}}