{"id":2469,"date":"2020-06-23T22:25:16","date_gmt":"2020-06-23T20:25:16","guid":{"rendered":"https:\/\/makeupbyrenata.ch\/?post_type=product&#038;p=2469"},"modified":"2020-10-28T14:26:36","modified_gmt":"2020-10-28T13:26:36","slug":"lucida-labbra-gloss-zao","status":"publish","type":"product","link":"https:\/\/makeupbyrenata.ch\/de\/shop\/labbra\/lucida-labbra-gloss-zao\/","title":{"rendered":"Lucida labbra Gloss ZAO"},"content":{"rendered":"<p>INGREDIENTI CHIAVE:<br \/>\n\u2022 Olio di ricino bio: quest\u2019olio \u00e8 particolarmente interessante perch\u00e9 \u00e8 emolliente, permette cos\u00ec di ammorbidire e addolcire la pelle. \u00c8 anche idratante, aumenta il contenuto di acqua nella pelle e la mantiene morbida e liscia.<br \/>\n\u2022 Burro di cacao bio: il burro di cacao protegge la pelle dalle aggressioni esterne. Contribuisce a mantenere l\u2019idratazione in quanto rallenta la perdita di acqua formando una barriera sulla superficie dell\u2019epidermide. \u00c8 stato usato per secoli in Africa come cura preventiva per fornire elasticit\u00e0 alla pelle e anche come trattamento curativo contro la disidratazione.<br \/>\n\u2022 Cera di carnauba bio: secreta dalle foglie di una palma originaria del Brasile, questa cera \u00e8 un agente filmogeno che protegge la pelle producendo un film continuo che migliora la tenuta del trucco.<\/p>\n","protected":false},"excerpt":{"rendered":"<p>Sublimate le vostre labbra con i 5 gloss bio Zao Make-Up dai colori tenui e naturali. Applicare su tutte le labbra per un effetto sottile e\u00a0luminoso, al centro delle labbra per un effetto scintillante e goloso o sopra un rossetto. I Lucidalabbra Zao Make-Up vi seguiranno ovunque !<\/p>\n","protected":false},"featured_media":2472,"template":"","meta":{"_acf_changed":false,"_seopress_robots_primary_cat":"none","_seopress_titles_title":"","_seopress_titles_desc":"","_seopress_robots_index":""},"product_brand":[],"product_cat":[86,64],"product_tag":[108,109,110,111,112,102,113,99],"class_list":{"0":"post-2469","1":"product","2":"type-product","3":"status-publish","4":"has-post-thumbnail","6":"product_cat-labbra","7":"product_cat-rossetti","8":"product_tag-108","9":"product_tag-109","10":"product_tag-110","11":"product_tag-111","12":"product_tag-112","13":"product_tag-cosmesi-bio","14":"product_tag-rossetto-naturale","15":"product_tag-trucco-vegan","17":"first","18":"instock","19":"shipping-taxable","20":"purchasable","21":"product-type-variable"},"acf":[],"jetpack_sharing_enabled":true,"_links":{"self":[{"href":"https:\/\/makeupbyrenata.ch\/de\/wp-json\/wp\/v2\/product\/2469","targetHints":{"allow":["GET"]}}],"collection":[{"href":"https:\/\/makeupbyrenata.ch\/de\/wp-json\/wp\/v2\/product"}],"about":[{"href":"https:\/\/makeupbyrenata.ch\/de\/wp-json\/wp\/v2\/types\/product"}],"wp:featuredmedia":[{"embeddable":true,"href":"https:\/\/makeupbyrenata.ch\/de\/wp-json\/wp\/v2\/media\/2472"}],"wp:attachment":[{"href":"https:\/\/makeupbyrenata.ch\/de\/wp-json\/wp\/v2\/media?parent=2469"}],"wp:term":[{"taxonomy":"product_brand","embeddable":true,"href":"https:\/\/makeupbyrenata.ch\/de\/wp-json\/wp\/v2\/product_brand?post=2469"},{"taxonomy":"product_cat","embeddable":true,"href":"https:\/\/makeupbyrenata.ch\/de\/wp-json\/wp\/v2\/product_cat?post=2469"},{"taxonomy":"product_tag","embeddable":true,"href":"https:\/\/makeupbyrenata.ch\/de\/wp-json\/wp\/v2\/product_tag?post=2469"}],"curies":[{"name":"wp","href":"https:\/\/api.w.org\/{rel}","templated":true}]}}