{"id":2528,"date":"2020-10-27T15:25:40","date_gmt":"2020-10-27T14:25:40","guid":{"rendered":"https:\/\/makeupbyrenata.ch\/?post_type=product&#038;p=2528"},"modified":"2020-10-28T19:05:19","modified_gmt":"2020-10-28T18:05:19","slug":"primer-occhi","status":"publish","type":"product","link":"https:\/\/makeupbyrenata.ch\/de\/shop\/occhi\/primer-occhi\/","title":{"rendered":"Primer Occhi"},"content":{"rendered":"<p>INGREDIENTI CHIAVE:<\/p>\n<div class=\"page\" title=\"Page 26\">\n<div class=\"section\">\n<div class=\"layoutArea\">\n<div class=\"column\">\n<ul>\n<li>Cera di carnauba bio: secreta dalle foglie di una palma originaria del Brasile, questa cera \u00e8 un agente filmogeno che protegge la pelle producendo un film continuo che migliora la tenuta del trucco.<\/li>\n<li>Polvere di bamb\u00f9: sostanza bianca estratta dai giunti del bamb\u00f9. Grazie al suo alto contenuto di silice, remineralizza, idrata e partecipa alla rigenerazione della pelleattenuando la lucentezza delle pelli miste e grasse.<\/li>\n<\/ul>\n<\/div>\n<\/div>\n<\/div>\n<\/div>\n","protected":false},"excerpt":{"rendered":"<div class=\"page\" title=\"Page 27\">\n<div class=\"section\">\n<div class=\"layoutArea\">\n<div class=\"column\">\n<div class=\"page\" title=\"Page 26\">\n<div class=\"section\">\n<div class=\"layoutArea\">\n<div class=\"column\">\n<p>Il Primer occhi prepara la palpebra all\u2019applicazione del trucco. La sua texture cremosa, facile da applicare con un dito, \u00e8 perfetta per coprire dei piccoli vasi sanguigni, per uniformare e illuminare l\u2019intera palpebra. Permette un d\u00e9grad\u00e9 facile degli ombretti e contribuisce a ottimizzare la loro tenuta per un make-up a lunga durata. \u00c8 ricco di cera carnauba bio che protegge la pelle.<\/p>\n<\/div>\n<\/div>\n<\/div>\n<\/div>\n<\/div>\n<\/div>\n<\/div>\n<\/div>\n","protected":false},"featured_media":3083,"template":"","meta":{"_acf_changed":false,"_seopress_robots_primary_cat":"none","_seopress_titles_title":"","_seopress_titles_desc":"","_seopress_robots_index":""},"product_brand":[],"product_cat":[87],"product_tag":[101,103,102,98,100,99],"class_list":{"0":"post-2528","1":"product","2":"type-product","3":"status-publish","4":"has-post-thumbnail","6":"product_cat-occhi","7":"product_tag-100-naturale","8":"product_tag-103","9":"product_tag-cosmesi-bio","10":"product_tag-primer-occhi","11":"product_tag-ricaricabile","12":"product_tag-trucco-vegan","14":"first","15":"instock","16":"shipping-taxable","17":"purchasable","18":"product-type-simple"},"acf":[],"jetpack_sharing_enabled":true,"_links":{"self":[{"href":"https:\/\/makeupbyrenata.ch\/de\/wp-json\/wp\/v2\/product\/2528","targetHints":{"allow":["GET"]}}],"collection":[{"href":"https:\/\/makeupbyrenata.ch\/de\/wp-json\/wp\/v2\/product"}],"about":[{"href":"https:\/\/makeupbyrenata.ch\/de\/wp-json\/wp\/v2\/types\/product"}],"wp:featuredmedia":[{"embeddable":true,"href":"https:\/\/makeupbyrenata.ch\/de\/wp-json\/wp\/v2\/media\/3083"}],"wp:attachment":[{"href":"https:\/\/makeupbyrenata.ch\/de\/wp-json\/wp\/v2\/media?parent=2528"}],"wp:term":[{"taxonomy":"product_brand","embeddable":true,"href":"https:\/\/makeupbyrenata.ch\/de\/wp-json\/wp\/v2\/product_brand?post=2528"},{"taxonomy":"product_cat","embeddable":true,"href":"https:\/\/makeupbyrenata.ch\/de\/wp-json\/wp\/v2\/product_cat?post=2528"},{"taxonomy":"product_tag","embeddable":true,"href":"https:\/\/makeupbyrenata.ch\/de\/wp-json\/wp\/v2\/product_tag?post=2528"}],"curies":[{"name":"wp","href":"https:\/\/api.w.org\/{rel}","templated":true}]}}