{"id":2581,"date":"2020-10-27T22:35:02","date_gmt":"2020-10-27T21:35:02","guid":{"rendered":"https:\/\/makeupbyrenata.ch\/?post_type=product&#038;p=2581"},"modified":"2020-10-28T08:55:36","modified_gmt":"2020-10-28T07:55:36","slug":"ombretti-mat","status":"publish","type":"product","link":"https:\/\/makeupbyrenata.ch\/de\/shop\/occhi\/ombretti-mat\/","title":{"rendered":"Ombretti Mat"},"content":{"rendered":"<div class=\"page\" title=\"Page 28\">\n<div class=\"section\">\n<div class=\"layoutArea\">\n<div class=\"column\">\n<p>INGREDIENTI CHIAVE:<\/p>\n<ul>\n<li>Squalano vegetale: estratto dall\u2019olio d\u2019oliva, lo squalano vegetale \u00e8 un derivato dello squalene, che \u00e8 un componente naturale del sebo umano. La sua eccellente affinit\u00e0 con la pelle, la sua somiglianza con i lipidi cutanei naturali e le sue propriet\u00e0 emollienti ne fanno un attivo ideale. Rafforza la barriera idrolipidica cutanea, ammorbidisce la pelle e la protegge dalla disidratazione.<\/li>\n<li>Burro di cacao bio: il burro di cacao protegge la pelle dalle aggressioni esterne. Contribuisce a mantenere l\u2019idratazione in quanto rallenta la perdita di acqua formando una barriera sulla superficie dell\u2019epidermide. \u00c8 stato usato per secoli in Africa come cura preventiva per fornire elasticit\u00e0 alla pelle e anche come trattamento curativo contro la disidratazione.<\/li>\n<li>Amido di mais: l\u2019amido di mais biologico \u00e8 un supporto vegetale che consente una migliore adesione della polvere sulla pelle e quindi una migliore tenuta del trucco. Facilita la dispersione dei pigmenti e in questo modo aiuta l\u2019unicit\u00e0 del colore sulla pelle.<\/li>\n<li>Polvere di bamb\u00f9: sostanza bianca estratta dai giunti del bamb\u00f9. Grazie al suo alto contenuto di silice, remineralizza, idrata e partecipa alla rigenerazione della pelle attenuando la lucentezza delle pelli miste e grasse.<\/li>\n<\/ul>\n<\/div>\n<\/div>\n<\/div>\n<\/div>\n","protected":false},"excerpt":{"rendered":"<div class=\"page\" title=\"Page 28\">\n<div class=\"section\">\n<div class=\"layoutArea\">\n<div class=\"column\">\n<p>Zao Make-Up vi propone una gamma di Ombretti opachi bio dalle textures delicate e dai colori sublimi, per creare una moltitudine di trucchi, dal pi\u00f9 naturale al pi\u00f9 Smoky. La loro formula, ricca di squalano vegetale d\u2019oliva, ammorbidisce e protegge la pelle. Consigliamo di associarli agli Ombretti perlati per una resa con diversi effetti di luce.<\/p>\n<\/div>\n<\/div>\n<\/div>\n<\/div>\n","protected":false},"featured_media":2583,"template":"","meta":{"_acf_changed":false,"_seopress_robots_primary_cat":"none","_seopress_titles_title":"","_seopress_titles_desc":"","_seopress_robots_index":""},"product_brand":[],"product_cat":[87],"product_tag":[131,132,133,134,135,136,137,138,139,140,102,128,129,130],"class_list":{"0":"post-2581","1":"product","2":"type-product","3":"status-publish","4":"has-post-thumbnail","6":"product_cat-occhi","7":"product_tag-131","8":"product_tag-132","9":"product_tag-133","10":"product_tag-134","11":"product_tag-135","12":"product_tag-136","13":"product_tag-137","14":"product_tag-138","15":"product_tag-139","16":"product_tag-140","17":"product_tag-cosmesi-bio","18":"product_tag-ombretto-mat","19":"product_tag-ombretto-naturale","20":"product_tag-trucco-vegano","22":"first","23":"instock","24":"shipping-taxable","25":"purchasable","26":"product-type-variable"},"acf":[],"jetpack_sharing_enabled":true,"_links":{"self":[{"href":"https:\/\/makeupbyrenata.ch\/de\/wp-json\/wp\/v2\/product\/2581","targetHints":{"allow":["GET"]}}],"collection":[{"href":"https:\/\/makeupbyrenata.ch\/de\/wp-json\/wp\/v2\/product"}],"about":[{"href":"https:\/\/makeupbyrenata.ch\/de\/wp-json\/wp\/v2\/types\/product"}],"wp:featuredmedia":[{"embeddable":true,"href":"https:\/\/makeupbyrenata.ch\/de\/wp-json\/wp\/v2\/media\/2583"}],"wp:attachment":[{"href":"https:\/\/makeupbyrenata.ch\/de\/wp-json\/wp\/v2\/media?parent=2581"}],"wp:term":[{"taxonomy":"product_brand","embeddable":true,"href":"https:\/\/makeupbyrenata.ch\/de\/wp-json\/wp\/v2\/product_brand?post=2581"},{"taxonomy":"product_cat","embeddable":true,"href":"https:\/\/makeupbyrenata.ch\/de\/wp-json\/wp\/v2\/product_cat?post=2581"},{"taxonomy":"product_tag","embeddable":true,"href":"https:\/\/makeupbyrenata.ch\/de\/wp-json\/wp\/v2\/product_tag?post=2581"}],"curies":[{"name":"wp","href":"https:\/\/api.w.org\/{rel}","templated":true}]}}