{"id":2663,"date":"2020-10-28T08:56:16","date_gmt":"2020-10-28T07:56:16","guid":{"rendered":"https:\/\/makeupbyrenata.ch\/?post_type=product&#038;p=2663"},"modified":"2020-10-28T09:19:17","modified_gmt":"2020-10-28T08:19:17","slug":"ombretto-perlato","status":"publish","type":"product","link":"https:\/\/makeupbyrenata.ch\/de\/shop\/occhi\/ombretto-perlato\/","title":{"rendered":"Ombretto Perlato"},"content":{"rendered":"<div class=\"page\" title=\"Page 28\">\n<div class=\"section\">\n<div class=\"layoutArea\">\n<div class=\"column\">\n<div class=\"page\" title=\"Page 30\">\n<div class=\"section\">\n<div class=\"layoutArea\">\n<div class=\"column\">\n<p>INGREDIENTI CHIAVE:<\/p>\n<\/div>\n<\/div>\n<div class=\"layoutArea\">\n<div class=\"column\">\n<ul>\n<li>Polvere di riso bio: la polvere di riso \u00e8 uno dei pi\u00f9 antichi ingredienti cosmetici. Ha la capacit\u00e0 di opacizzare la pelle senza ostruire i pori regolando la secrezione di sebo.<\/li>\n<li>Squalano vegetale: estratto dall\u2019olio d\u2019oliva, lo squalano vegetale \u00e8 un derivato dello squalene, che \u00e8 un componente naturale del sebo umano. La sua eccellente affinit\u00e0 con la pelle, la sua somiglianza con i lipidi cutanei naturali e le sue propriet\u00e0 emollienti ne fanno un attivo ideale. Rafforza la barriera idrolipidica cutanea, ammorbidisce la pelle e la protegge dalla disidratazione.<\/li>\n<li>Olio di semi di lino bio: ricco di acidi grassi insaturi (omega 6, omega 3) e vitamine (A, E B, K), questo olio \u00e8 molto nutriente e rigenerante. Grazie alle macromolecole che contiene, aiuta a mantenerel\u2019acqua nell\u2019epidermide e migliora considerevolmente la sua idratazione ed elasticit\u00e0.<\/li>\n<li>\n<div class=\"page\" title=\"Page 31\">\n<div class=\"section\">\n<div class=\"layoutArea\">\n<div class=\"column\">\n<p>Polvere di bamb\u00f9: sostanza bianca estratta dai giunti del bamb\u00f9. Grazie al suo alto contenuto di silice, remineralizza, idrata e partecipa alla rigenerazione della pelleattenuando la lucentezza delle pelli miste e grasse.<\/p>\n<\/div>\n<\/div>\n<\/div>\n<\/div>\n<\/li>\n<\/ul>\n<\/div>\n<\/div>\n<\/div>\n<\/div>\n<\/div>\n<\/div>\n<\/div>\n<\/div>\n","protected":false},"excerpt":{"rendered":"<div class=\"page\" title=\"Page 28\">\n<div class=\"section\">\n<div class=\"layoutArea\">\n<div class=\"column\">\n<div class=\"page\" title=\"Page 30\">\n<div class=\"section\">\n<div class=\"layoutArea\">\n<div class=\"column\">\n<p>Per uno sguardo intenso e luminoso, lasciatevi tentare dalle numerose sfumature degli Ombretti perlati Zao Make-Up! Ricchi di squalano vegetale d\u2019oliva che ammorbidisce e protegge la pelle. Per un look sofisticato ed elegante mischia gli Ombretti perlati con gli Ombretti opachi.<\/p>\n<\/div>\n<\/div>\n<\/div>\n<\/div>\n<\/div>\n<\/div>\n<\/div>\n<\/div>\n","protected":false},"featured_media":2674,"template":"","meta":{"_acf_changed":false,"_seopress_robots_primary_cat":"none","_seopress_titles_title":"","_seopress_titles_desc":"","_seopress_robots_index":""},"product_brand":[],"product_cat":[87],"product_tag":[142,143,144,145,146,147,148,149,150,151,152,153,154,155,156,157,158,159,160,161,162,163,102,129,141,130],"class_list":{"0":"post-2663","1":"product","2":"type-product","3":"status-publish","4":"has-post-thumbnail","6":"product_cat-occhi","7":"product_tag-142","8":"product_tag-143","9":"product_tag-144","10":"product_tag-145","11":"product_tag-146","12":"product_tag-147","13":"product_tag-148","14":"product_tag-149","15":"product_tag-150","16":"product_tag-151","17":"product_tag-152","18":"product_tag-153","19":"product_tag-154","20":"product_tag-155","21":"product_tag-156","22":"product_tag-157","23":"product_tag-158","24":"product_tag-159","25":"product_tag-160","26":"product_tag-161","27":"product_tag-162","28":"product_tag-163","29":"product_tag-cosmesi-bio","30":"product_tag-ombretto-naturale","31":"product_tag-ombretto-perlato","32":"product_tag-trucco-vegano","34":"first","35":"instock","36":"shipping-taxable","37":"purchasable","38":"product-type-variable"},"acf":[],"jetpack_sharing_enabled":true,"_links":{"self":[{"href":"https:\/\/makeupbyrenata.ch\/de\/wp-json\/wp\/v2\/product\/2663","targetHints":{"allow":["GET"]}}],"collection":[{"href":"https:\/\/makeupbyrenata.ch\/de\/wp-json\/wp\/v2\/product"}],"about":[{"href":"https:\/\/makeupbyrenata.ch\/de\/wp-json\/wp\/v2\/types\/product"}],"wp:featuredmedia":[{"embeddable":true,"href":"https:\/\/makeupbyrenata.ch\/de\/wp-json\/wp\/v2\/media\/2674"}],"wp:attachment":[{"href":"https:\/\/makeupbyrenata.ch\/de\/wp-json\/wp\/v2\/media?parent=2663"}],"wp:term":[{"taxonomy":"product_brand","embeddable":true,"href":"https:\/\/makeupbyrenata.ch\/de\/wp-json\/wp\/v2\/product_brand?post=2663"},{"taxonomy":"product_cat","embeddable":true,"href":"https:\/\/makeupbyrenata.ch\/de\/wp-json\/wp\/v2\/product_cat?post=2663"},{"taxonomy":"product_tag","embeddable":true,"href":"https:\/\/makeupbyrenata.ch\/de\/wp-json\/wp\/v2\/product_tag?post=2663"}],"curies":[{"name":"wp","href":"https:\/\/api.w.org\/{rel}","templated":true}]}}