{"id":2803,"date":"2020-10-28T11:16:29","date_gmt":"2020-10-28T10:16:29","guid":{"rendered":"https:\/\/makeupbyrenata.ch\/?post_type=product&#038;p=2803"},"modified":"2020-10-28T11:44:26","modified_gmt":"2020-10-28T10:44:26","slug":"matite-labbra","status":"publish","type":"product","link":"https:\/\/makeupbyrenata.ch\/de\/shop\/labbra\/matite-labbra\/","title":{"rendered":"Matite Labbra"},"content":{"rendered":"<div class=\"page\" title=\"Page 43\">\n<div class=\"section\">\n<div class=\"layoutArea\">\n<div class=\"column\">\n<p>INGREDIENTI CHIAVE:<\/p>\n<ul>\n<li>Olio di jojoba bio: calmante e ammorbidente, quest\u2019olio penetra facilmente nella pelle senza lasciare una sensazione grassa. Protegge la pelle dalla disidratazione e dalle rughe. La sua texture asciutta e la sua composizione originale gli permettono di rafforzare il film idrolipidico e di regolare il flusso di sebo delle pelli grasse.<\/li>\n<li>Burro di karit\u00e9 bio: il burro di karit\u00e9 viene estratto dalle noci del karit\u00e9, un albero che cresce soltanto allo stato selvatico nella savana arborea dell\u2019Africa occidentale. La sua composizione ricca di acidi grassi conferisce propriet\u00e0 idratanti e nutrienti.<\/li>\n<\/ul>\n<\/div>\n<\/div>\n<\/div>\n<\/div>\n","protected":false},"excerpt":{"rendered":"<div class=\"page\" title=\"Page 42\">\n<div class=\"section\">\n<div class=\"layoutArea\">\n<div class=\"column\">\n<p>Le matite multifunzionali Zao Make-Up ridisegnano le vostre labbra, intensificano lo sguardo e strutturano le sopracciglia secondo i vostri desideri. La loro formula ultra- pigmentata consente di realizzare tracciati netti, intensi e coprenti.<\/p>\n<\/div>\n<\/div>\n<\/div>\n<\/div>\n","protected":false},"featured_media":2793,"template":"","meta":{"_acf_changed":false,"_seopress_robots_primary_cat":"none","_seopress_titles_title":"","_seopress_titles_desc":"","_seopress_robots_index":""},"product_brand":[],"product_cat":[86],"product_tag":[101,200,203,205,206,207,208,102,212,197],"class_list":{"0":"post-2803","1":"product","2":"type-product","3":"status-publish","4":"has-post-thumbnail","6":"product_cat-labbra","7":"product_tag-100-naturale","8":"product_tag-200","9":"product_tag-203","10":"product_tag-205","11":"product_tag-206","12":"product_tag-207","13":"product_tag-208","14":"product_tag-cosmesi-bio","15":"product_tag-matite-labbra","16":"product_tag-matite-multifunzionali","18":"first","19":"instock","20":"shipping-taxable","21":"purchasable","22":"product-type-variable"},"acf":[],"jetpack_sharing_enabled":true,"_links":{"self":[{"href":"https:\/\/makeupbyrenata.ch\/de\/wp-json\/wp\/v2\/product\/2803","targetHints":{"allow":["GET"]}}],"collection":[{"href":"https:\/\/makeupbyrenata.ch\/de\/wp-json\/wp\/v2\/product"}],"about":[{"href":"https:\/\/makeupbyrenata.ch\/de\/wp-json\/wp\/v2\/types\/product"}],"wp:featuredmedia":[{"embeddable":true,"href":"https:\/\/makeupbyrenata.ch\/de\/wp-json\/wp\/v2\/media\/2793"}],"wp:attachment":[{"href":"https:\/\/makeupbyrenata.ch\/de\/wp-json\/wp\/v2\/media?parent=2803"}],"wp:term":[{"taxonomy":"product_brand","embeddable":true,"href":"https:\/\/makeupbyrenata.ch\/de\/wp-json\/wp\/v2\/product_brand?post=2803"},{"taxonomy":"product_cat","embeddable":true,"href":"https:\/\/makeupbyrenata.ch\/de\/wp-json\/wp\/v2\/product_cat?post=2803"},{"taxonomy":"product_tag","embeddable":true,"href":"https:\/\/makeupbyrenata.ch\/de\/wp-json\/wp\/v2\/product_tag?post=2803"}],"curies":[{"name":"wp","href":"https:\/\/api.w.org\/{rel}","templated":true}]}}