{"id":2817,"date":"2020-10-28T13:35:32","date_gmt":"2020-10-28T12:35:32","guid":{"rendered":"https:\/\/makeupbyrenata.ch\/?post_type=product&#038;p=2817"},"modified":"2020-10-29T10:23:48","modified_gmt":"2020-10-29T09:23:48","slug":"polvere-per-sopracciglia","status":"publish","type":"product","link":"https:\/\/makeupbyrenata.ch\/de\/shop\/occhi\/polvere-per-sopracciglia\/","title":{"rendered":"Polvere per Sopracciglia"},"content":{"rendered":"<div class=\"page\" title=\"Page 44\">\n<div class=\"section\">\n<div class=\"layoutArea\">\n<div class=\"column\">\n<p>INGREDIENTI CHIAVE:<\/p>\n<\/div>\n<\/div>\n<div class=\"layoutArea\">\n<div class=\"column\">\n<ul>\n<li>Amido di mais bio: l\u2019amido di mais biologico \u00e8 un supporto vegetale che consente una migliore adesione della polvere sulla pelle e quindi una migliore tenuta del trucco. Facilita la dispersione dei pigmenti e in questo modo aiuta l\u2019unicit\u00e0 del colore sulla pelle.<\/li>\n<li>Polvere di bamb\u00f9: sostanza bianca estratta dai giunti del bamb\u00f9. Grazie al suo alto contenuto di silice, remineralizza, idrata e partecipa alla rigenerazione della pelleattenuando la lucentezza delle pelli miste e grasse.<\/li>\n<li>Burro di karit\u00e9 bio: il burro di karit\u00e9 viene estratto dalle noci del karit\u00e9, un albero che cresce soltanto allo stato selvatico nella savana arborea dell\u2019Africa occidentale. La sua composizione ricca di acidi grassi conferisce propriet\u00e0 idratanti e nutrienti.<\/li>\n<li>Olio di nocciolo di albicocca bio: quest\u2019olio \u00e8 ricco di acido oleico, di vitamina A e E. Oltre ad essere nutriente e lenitivo, dona un colpo di luminosit\u00e0 alla vostra pelle. Rigenerante e idratante, contribuisce a ritardare gli effetti dell\u2019invecchiamento.<\/li>\n<\/ul>\n<\/div>\n<\/div>\n<\/div>\n<\/div>\n","protected":false},"excerpt":{"rendered":"<div class=\"page\" title=\"Page 44\">\n<div class=\"section\">\n<div class=\"layoutArea\">\n<div class=\"column\">\n<p>Il make-up delle sopracciglia \u00e8 il tocco finale del trucco degli occhi. Questo passaggio permette di ridisegnare la curva naturale del sopracciglio per intensificare lo sguardo. \u00c8 possibile sublimare la linea delle sopracciglia in un batter d\u2019occhio grazie alla Polvere per sopracciglia Zao Make-Up. \u00c8 indispensabile per delle sopracciglia pi\u00f9 dense e disegnate. Permette di intensificare naturalmente la linea delle vostre sopracciglia.<\/p>\n<\/div>\n<\/div>\n<\/div>\n<\/div>\n","protected":false},"featured_media":2819,"template":"","meta":{"_acf_changed":false,"_seopress_robots_primary_cat":"none","_seopress_titles_title":"","_seopress_titles_desc":"","_seopress_robots_index":""},"product_brand":[],"product_cat":[87],"product_tag":[101,214,215,216,102,213],"class_list":{"0":"post-2817","1":"product","2":"type-product","3":"status-publish","4":"has-post-thumbnail","6":"product_cat-occhi","7":"product_tag-100-naturale","8":"product_tag-214","9":"product_tag-215","10":"product_tag-216","11":"product_tag-cosmesi-bio","12":"product_tag-polvere-sopracciglia","14":"first","15":"instock","16":"shipping-taxable","17":"purchasable","18":"product-type-variable"},"acf":[],"jetpack_sharing_enabled":true,"_links":{"self":[{"href":"https:\/\/makeupbyrenata.ch\/de\/wp-json\/wp\/v2\/product\/2817","targetHints":{"allow":["GET"]}}],"collection":[{"href":"https:\/\/makeupbyrenata.ch\/de\/wp-json\/wp\/v2\/product"}],"about":[{"href":"https:\/\/makeupbyrenata.ch\/de\/wp-json\/wp\/v2\/types\/product"}],"wp:featuredmedia":[{"embeddable":true,"href":"https:\/\/makeupbyrenata.ch\/de\/wp-json\/wp\/v2\/media\/2819"}],"wp:attachment":[{"href":"https:\/\/makeupbyrenata.ch\/de\/wp-json\/wp\/v2\/media?parent=2817"}],"wp:term":[{"taxonomy":"product_brand","embeddable":true,"href":"https:\/\/makeupbyrenata.ch\/de\/wp-json\/wp\/v2\/product_brand?post=2817"},{"taxonomy":"product_cat","embeddable":true,"href":"https:\/\/makeupbyrenata.ch\/de\/wp-json\/wp\/v2\/product_cat?post=2817"},{"taxonomy":"product_tag","embeddable":true,"href":"https:\/\/makeupbyrenata.ch\/de\/wp-json\/wp\/v2\/product_tag?post=2817"}],"curies":[{"name":"wp","href":"https:\/\/api.w.org\/{rel}","templated":true}]}}