{"id":2854,"date":"2020-10-28T14:04:56","date_gmt":"2020-10-28T13:04:56","guid":{"rendered":"https:\/\/makeupbyrenata.ch\/?post_type=product&#038;p=2854"},"modified":"2021-01-11T20:57:35","modified_gmt":"2021-01-11T19:57:35","slug":"rossetto-opaco","status":"publish","type":"product","link":"https:\/\/makeupbyrenata.ch\/de\/shop\/labbra\/rossetto-opaco\/","title":{"rendered":"Rossetto Matt"},"content":{"rendered":"<div class=\"page\" title=\"Page 51\">\n<div class=\"section\">\n<div class=\"layoutArea\">\n<div class=\"column\">\n<p>INGREDIENTI CHIAVE:<\/p>\n<ul>\n<li>Olio di ricino bio: quest\u2019olio \u00e8 particolarmente interessante perch\u00e9 \u00e8 emolliente, permette cos\u00ec di ammorbidire e addolcire la pelle. \u00c8 anche idratante, aumenta il contenuto di acqua nella pelle e la mantiene morbida e liscia.<\/li>\n<li>Burro di karit\u00e9 bio: il burro di karit\u00e9 viene estratto dalle noci del karit\u00e9, un albero che cresce soltanto allo stato selvatico nella savana arborea dell\u2019Africa occidentale. La sua composizione ricca di acidi grassi conferisce propriet\u00e0 idratanti e nutrienti.<\/li>\n<li>Estratto de melograno bio: concentrato in acido punico, il melograno ha propriet\u00e0 antinfiammatorie, calmanti e lenitive. Inoltre, ricco di fitosteroli dalle virt\u00f9 antiossidanti, aiuta a contrastare il tempo che passa e la formazione di rughe e rughette.<\/li>\n<li>Polvere di bamb\u00f9: sostanza bianca estratta dai giunti del bamb\u00f9. Grazie al suo alto contenuto di silice, remineralizza, idrata e partecipa alla rigenerazione della pelle attenuando la lucentezza delle pelli miste e grasse.<\/li>\n<\/ul>\n<\/div>\n<\/div>\n<\/div>\n<\/div>\n","protected":false},"excerpt":{"rendered":"<div class=\"page\" title=\"Page 51\">\n<div class=\"section\">\n<div class=\"layoutArea\">\n<div class=\"column\">\n<p>I Rossetti opachi Zao Make-Up, dai colori femminili e intensi, donano una coprenza totale e confortevole. Arricchiti con olio di ricino bio e burro di karit\u00e9 bio dalle propriet\u00e0 idratanti, i Rossetti opachi Zao Make-Up scivolano sulle labbra e le lasciano intensamente morbide. Non potrete resistere alle loro texture cremose, alla loro tenuta lunga durata e ai loro colori ultra-pigmentati.<\/p>\n<\/div>\n<\/div>\n<\/div>\n<\/div>\n","protected":false},"featured_media":2856,"template":"","meta":{"_acf_changed":false,"_seopress_robots_primary_cat":"","_seopress_titles_title":"","_seopress_titles_desc":"","_seopress_robots_index":""},"product_brand":[],"product_cat":[86,64],"product_tag":[101,227,228,229,230,231,232,233,234,235,236,102,218,113,226,99],"class_list":{"0":"post-2854","1":"product","2":"type-product","3":"status-publish","4":"has-post-thumbnail","6":"product_cat-labbra","7":"product_cat-rossetti","8":"product_tag-100-naturale","9":"product_tag-227","10":"product_tag-228","11":"product_tag-229","12":"product_tag-230","13":"product_tag-231","14":"product_tag-232","15":"product_tag-233","16":"product_tag-234","17":"product_tag-235","18":"product_tag-236","19":"product_tag-cosmesi-bio","20":"product_tag-rossetto","21":"product_tag-rossetto-naturale","22":"product_tag-rossetto-opaco","23":"product_tag-trucco-vegan","25":"first","26":"instock","27":"shipping-taxable","28":"purchasable","29":"product-type-variable"},"acf":[],"jetpack_sharing_enabled":true,"_links":{"self":[{"href":"https:\/\/makeupbyrenata.ch\/de\/wp-json\/wp\/v2\/product\/2854","targetHints":{"allow":["GET"]}}],"collection":[{"href":"https:\/\/makeupbyrenata.ch\/de\/wp-json\/wp\/v2\/product"}],"about":[{"href":"https:\/\/makeupbyrenata.ch\/de\/wp-json\/wp\/v2\/types\/product"}],"wp:featuredmedia":[{"embeddable":true,"href":"https:\/\/makeupbyrenata.ch\/de\/wp-json\/wp\/v2\/media\/2856"}],"wp:attachment":[{"href":"https:\/\/makeupbyrenata.ch\/de\/wp-json\/wp\/v2\/media?parent=2854"}],"wp:term":[{"taxonomy":"product_brand","embeddable":true,"href":"https:\/\/makeupbyrenata.ch\/de\/wp-json\/wp\/v2\/product_brand?post=2854"},{"taxonomy":"product_cat","embeddable":true,"href":"https:\/\/makeupbyrenata.ch\/de\/wp-json\/wp\/v2\/product_cat?post=2854"},{"taxonomy":"product_tag","embeddable":true,"href":"https:\/\/makeupbyrenata.ch\/de\/wp-json\/wp\/v2\/product_tag?post=2854"}],"curies":[{"name":"wp","href":"https:\/\/api.w.org\/{rel}","templated":true}]}}