{"id":2888,"date":"2020-10-28T14:22:56","date_gmt":"2020-10-28T13:22:56","guid":{"rendered":"https:\/\/makeupbyrenata.ch\/?post_type=product&#038;p=2888"},"modified":"2020-10-28T14:22:56","modified_gmt":"2020-10-28T13:22:56","slug":"rossetto-soft-touch","status":"publish","type":"product","link":"https:\/\/makeupbyrenata.ch\/de\/shop\/labbra\/rossetto-soft-touch\/","title":{"rendered":"Rossetto Soft Touch"},"content":{"rendered":"<div class=\"page\" title=\"Page 52\">\n<div class=\"section\">\n<div class=\"layoutArea\">\n<div class=\"column\">\n<p>INGREDIENTI CHIAVE:<\/p>\n<\/div>\n<\/div>\n<div class=\"layoutArea\">\n<div class=\"column\">\n<div class=\"page\" title=\"Page 52\">\n<div class=\"section\">\n<div class=\"layoutArea\">\n<div class=\"column\">\n<ul>\n<li>Macerato di bamb\u00f9 bio: cosi come l\u2019idrolato di bamb\u00f9 bio e la polvere di bamb\u00f9, questa materia \u00e8 estremamente ricca di silice organica, un apporto esterno \u00e8 necessario per mantenere l\u2019elasticit\u00e0 degli strati superiori dell\u2019epidermide. In effetti, la silice organica stimola il processo di produzione del collagene.<\/li>\n<li>Olio di ricino bio: quest\u2019olio \u00e8 particolarmente interessante perch\u00e9 \u00e8 emolliente, permette cos\u00ec di ammorbidire e addolcire la pelle. \u00c8 anche idratante, aumenta il contenuto di acqua nella pelle e la mantiene morbida e liscia.<\/li>\n<li>Cera di carnauba bio: secreta dalle foglie di una palma originaria del Brasile, questa cera \u00e8 un agente filmogeno che protegge la pelle producendo un film continuo che migliora la tenuta del trucco.<\/li>\n<\/ul>\n<\/div>\n<\/div>\n<\/div>\n<\/div>\n<\/div>\n<\/div>\n<\/div>\n<\/div>\n","protected":false},"excerpt":{"rendered":"<div class=\"page\" title=\"Page 52\">\n<div class=\"section\">\n<div class=\"layoutArea\">\n<div class=\"column\">\n<p>I Rossetti opachi soft touch assicurano un finito ultra mat e intenso. La diversit\u00e0 dei pigmenti naturali utilizzati permette a ciascuno di trovare il Rossetto di tendenza che gli corrisponde. La loro texture \u00e8 ultra confortevole e la coprenza totale. L\u2019estremo effetto mat dei soft touch veste le vostre labbra per un look molto glamour e sofisticato.<\/p>\n<\/div>\n<\/div>\n<\/div>\n<\/div>\n","protected":false},"featured_media":2890,"template":"","meta":{"_acf_changed":false,"_seopress_robots_primary_cat":"","_seopress_titles_title":"","_seopress_titles_desc":"","_seopress_robots_index":""},"product_brand":[],"product_cat":[86,64],"product_tag":[101,239,240,241,242,243,244,245,102,218,113,237,238],"class_list":{"0":"post-2888","1":"product","2":"type-product","3":"status-publish","4":"has-post-thumbnail","6":"product_cat-labbra","7":"product_cat-rossetti","8":"product_tag-100-naturale","9":"product_tag-239","10":"product_tag-240","11":"product_tag-241","12":"product_tag-242","13":"product_tag-243","14":"product_tag-244","15":"product_tag-245","16":"product_tag-cosmesi-bio","17":"product_tag-rossetto","18":"product_tag-rossetto-naturale","19":"product_tag-rossetto-soft-touch","20":"product_tag-vegan","22":"first","23":"instock","24":"shipping-taxable","25":"purchasable","26":"product-type-variable"},"acf":[],"jetpack_sharing_enabled":true,"_links":{"self":[{"href":"https:\/\/makeupbyrenata.ch\/de\/wp-json\/wp\/v2\/product\/2888","targetHints":{"allow":["GET"]}}],"collection":[{"href":"https:\/\/makeupbyrenata.ch\/de\/wp-json\/wp\/v2\/product"}],"about":[{"href":"https:\/\/makeupbyrenata.ch\/de\/wp-json\/wp\/v2\/types\/product"}],"wp:featuredmedia":[{"embeddable":true,"href":"https:\/\/makeupbyrenata.ch\/de\/wp-json\/wp\/v2\/media\/2890"}],"wp:attachment":[{"href":"https:\/\/makeupbyrenata.ch\/de\/wp-json\/wp\/v2\/media?parent=2888"}],"wp:term":[{"taxonomy":"product_brand","embeddable":true,"href":"https:\/\/makeupbyrenata.ch\/de\/wp-json\/wp\/v2\/product_brand?post=2888"},{"taxonomy":"product_cat","embeddable":true,"href":"https:\/\/makeupbyrenata.ch\/de\/wp-json\/wp\/v2\/product_cat?post=2888"},{"taxonomy":"product_tag","embeddable":true,"href":"https:\/\/makeupbyrenata.ch\/de\/wp-json\/wp\/v2\/product_tag?post=2888"}],"curies":[{"name":"wp","href":"https:\/\/api.w.org\/{rel}","templated":true}]}}