{"id":2971,"date":"2020-10-28T16:34:53","date_gmt":"2020-10-28T15:34:53","guid":{"rendered":"https:\/\/makeupbyrenata.ch\/?post_type=product&#038;p=2971"},"modified":"2020-10-28T16:34:53","modified_gmt":"2020-10-28T15:34:53","slug":"indurente","status":"publish","type":"product","link":"https:\/\/makeupbyrenata.ch\/de\/shop\/smalti-e-trattamento-unghie\/indurente\/","title":{"rendered":"Indurente"},"content":{"rendered":"<div class=\"page\" title=\"Page 58\">\n<div class=\"section\">\n<div class=\"layoutArea\">\n<div class=\"column\">\n<p>INGREDIENTE CHIAVE:<\/p>\n<p>\u2022 Macerato di rizoma di bamb\u00f9: naturalmente ricco di silice organica, rende le unghie pi\u00f9 forti e pi\u00f9 resistenti.<\/p>\n<\/div>\n<\/div>\n<\/div>\n<\/div>\n","protected":false},"excerpt":{"rendered":"<div class=\"page\" title=\"Page 58\">\n<div class=\"section\">\n<div class=\"layoutArea\">\n<div class=\"column\">\n<p>Concepito appositamente per le unghie fragili, l\u2019Indurente Zao Make-Up si prende cura delle vostre unghie formando una barriera protettiva. Arricchito con macerato di rizoma di bamb\u00f9, le vostre unghie diventano pi\u00f9 forti e non si spezzano pi\u00f9. Si applica idealmente come sottostrato dello smalto.<\/p>\n<p>L\u2019Indurente Zao \u00e8 Vegan e garantito 10 Free, cio\u00e8, senza\u00a0toluene*, formaldeide, resina di formaldeide, canfora sintetica,\u00a0dibutilftalate*, parabeni, xilene, colofonia*, stirene e\u00a0benzofenone (* ingredienti potenzialmente presenti in quanto impurit\u00e0 inevitabile, allo stato di trace).<\/p>\n<div class=\"page\" title=\"Page 58\">\n<div class=\"section\">\n<div class=\"layoutArea\">\n<div class=\"column\">\n<p>In pi\u00f9, l\u201982% degli ingredienti che compongono questa formula sono di origine naturale (derivati dalle patate, dal mais, dal grano e dalla manioca).<\/p>\n<p>La sua formula arricchita in macerato di rizoma di bamb\u00f9, ricco di silice organica, contribuisce a fortificare l\u2019unghia.<\/p>\n<\/div>\n<\/div>\n<\/div>\n<\/div>\n<\/div>\n<\/div>\n<\/div>\n<\/div>\n","protected":false},"featured_media":2973,"template":"","meta":{"_acf_changed":false,"_seopress_robots_primary_cat":"","_seopress_titles_title":"","_seopress_titles_desc":"","_seopress_robots_index":"","_seopress_analysis_target_kw":""},"product_brand":[],"product_cat":[55],"product_tag":[262,261,260,238],"class_list":{"0":"post-2971","1":"product","2":"type-product","3":"status-publish","4":"has-post-thumbnail","6":"product_cat-smalti-e-trattamento-unghie","7":"product_tag-262","8":"product_tag-cosmesi-naturali","9":"product_tag-indurente-per-le-unghie-fragili","10":"product_tag-vegan","12":"first","13":"instock","14":"shipping-taxable","15":"purchasable","16":"product-type-simple"},"acf":[],"jetpack_sharing_enabled":true,"_links":{"self":[{"href":"https:\/\/makeupbyrenata.ch\/de\/wp-json\/wp\/v2\/product\/2971","targetHints":{"allow":["GET"]}}],"collection":[{"href":"https:\/\/makeupbyrenata.ch\/de\/wp-json\/wp\/v2\/product"}],"about":[{"href":"https:\/\/makeupbyrenata.ch\/de\/wp-json\/wp\/v2\/types\/product"}],"wp:featuredmedia":[{"embeddable":true,"href":"https:\/\/makeupbyrenata.ch\/de\/wp-json\/wp\/v2\/media\/2973"}],"wp:attachment":[{"href":"https:\/\/makeupbyrenata.ch\/de\/wp-json\/wp\/v2\/media?parent=2971"}],"wp:term":[{"taxonomy":"product_brand","embeddable":true,"href":"https:\/\/makeupbyrenata.ch\/de\/wp-json\/wp\/v2\/product_brand?post=2971"},{"taxonomy":"product_cat","embeddable":true,"href":"https:\/\/makeupbyrenata.ch\/de\/wp-json\/wp\/v2\/product_cat?post=2971"},{"taxonomy":"product_tag","embeddable":true,"href":"https:\/\/makeupbyrenata.ch\/de\/wp-json\/wp\/v2\/product_tag?post=2971"}],"curies":[{"name":"wp","href":"https:\/\/api.w.org\/{rel}","templated":true}]}}