{"id":2975,"date":"2020-10-28T17:00:23","date_gmt":"2020-10-28T16:00:23","guid":{"rendered":"https:\/\/makeupbyrenata.ch\/?post_type=product&#038;p=2975"},"modified":"2020-10-28T17:00:23","modified_gmt":"2020-10-28T16:00:23","slug":"smalto-per-le-unghie","status":"publish","type":"product","link":"https:\/\/makeupbyrenata.ch\/de\/shop\/smalti-e-trattamento-unghie\/smalto-per-le-unghie\/","title":{"rendered":"Smalto per le Unghie"},"content":{"rendered":"<div class=\"page\" title=\"Page 60\">\n<div class=\"section\">\n<div class=\"layoutArea\">\n<div class=\"column\">\n<p>INGREDIENTE CHIAVE:<\/p>\n<p>\u2022 Macerato di rizoma di bamb\u00f9: naturalmente ricco di silice organica, rende le unghie pi\u00f9 forti e pi\u00f9 resistenti.<\/p>\n<\/div>\n<\/div>\n<\/div>\n<\/div>\n","protected":false},"excerpt":{"rendered":"<div class=\"page\" title=\"Page 59\">\n<div class=\"section\">\n<div class=\"layoutArea\">\n<div class=\"column\">\n<p>La gamma di smalti per le unghie ZAO Make-Up soddisfer\u00e0 tutte le vostre voglie grazie ad un ampio ventaglio di colori, dai pi\u00f9 classici ai pi\u00f9 brillanti, passando per tonalit\u00e0 pi\u00f9 scure, pastello o addirittura iridescenti.<\/p>\n<p>Per proporvi prodotti sempre pi\u00f9 rispettosi dell\u2019ambiente e della vostra pelle, le formule degli smalti per le unghie sono 10 Free, ossia senza toluene*, formaldeide, resina di formaldeide, canfora sintetica, dibutilftalate*, parabeni, xilene, colofonia*, stirene e benzofenone (*ingredienti potenzialmente presenti in quanto impurit\u00e0 inevitabile, allo stato di trace). A secondo delle referenze, dal 74 % al 84% degli ingredienti che compongono questa nuova formula sono di origine vegetale (derivati dalle patate, dal mais, dal grano e dalla manioca).<\/p>\n<p>Gli Smalti per le unghie Zao contribuiscono a fortificare l\u2019unghia perch\u00e9 sono arricchiti di macerato di rizoma di bamb\u00f9, ricco di silice organica. Offrono un\u2019eccellente tenuta, un finito ultra-brillante e un\u2019asciugatura rapida. L\u2019applicazione viene facilitata dal pennello largo e piatto che permette una diffusione perfetta del prodotto sull\u2019insieme dell\u2019unghia.<\/p>\n<\/div>\n<\/div>\n<\/div>\n<\/div>\n","protected":false},"featured_media":2999,"template":"","meta":{"_acf_changed":false,"_seopress_robots_primary_cat":"","_seopress_titles_title":"","_seopress_titles_desc":"","_seopress_robots_index":""},"product_brand":[],"product_cat":[55],"product_tag":[266,267,268,269,270,271,272,273,274,275,276,277,278,279,280,281,282,283,284,285,286,287,265,264,263],"class_list":{"0":"post-2975","1":"product","2":"type-product","3":"status-publish","4":"has-post-thumbnail","6":"product_cat-smalti-e-trattamento-unghie","7":"product_tag-266","8":"product_tag-267","9":"product_tag-268","10":"product_tag-269","11":"product_tag-270","12":"product_tag-271","13":"product_tag-272","14":"product_tag-273","15":"product_tag-274","16":"product_tag-275","17":"product_tag-276","18":"product_tag-277","19":"product_tag-278","20":"product_tag-279","21":"product_tag-280","22":"product_tag-281","23":"product_tag-282","24":"product_tag-283","25":"product_tag-284","26":"product_tag-285","27":"product_tag-286","28":"product_tag-287","29":"product_tag-smalto-ingredienti-vegetali","30":"product_tag-smalto-naturale","31":"product_tag-smalto-per-le-unghie","33":"first","34":"instock","35":"shipping-taxable","36":"purchasable","37":"product-type-variable"},"acf":[],"jetpack_sharing_enabled":true,"_links":{"self":[{"href":"https:\/\/makeupbyrenata.ch\/de\/wp-json\/wp\/v2\/product\/2975","targetHints":{"allow":["GET"]}}],"collection":[{"href":"https:\/\/makeupbyrenata.ch\/de\/wp-json\/wp\/v2\/product"}],"about":[{"href":"https:\/\/makeupbyrenata.ch\/de\/wp-json\/wp\/v2\/types\/product"}],"wp:featuredmedia":[{"embeddable":true,"href":"https:\/\/makeupbyrenata.ch\/de\/wp-json\/wp\/v2\/media\/2999"}],"wp:attachment":[{"href":"https:\/\/makeupbyrenata.ch\/de\/wp-json\/wp\/v2\/media?parent=2975"}],"wp:term":[{"taxonomy":"product_brand","embeddable":true,"href":"https:\/\/makeupbyrenata.ch\/de\/wp-json\/wp\/v2\/product_brand?post=2975"},{"taxonomy":"product_cat","embeddable":true,"href":"https:\/\/makeupbyrenata.ch\/de\/wp-json\/wp\/v2\/product_cat?post=2975"},{"taxonomy":"product_tag","embeddable":true,"href":"https:\/\/makeupbyrenata.ch\/de\/wp-json\/wp\/v2\/product_tag?post=2975"}],"curies":[{"name":"wp","href":"https:\/\/api.w.org\/{rel}","templated":true}]}}