{"id":3060,"date":"2020-10-28T17:24:24","date_gmt":"2020-10-28T16:24:24","guid":{"rendered":"https:\/\/makeupbyrenata.ch\/?post_type=product&#038;p=3060"},"modified":"2020-10-28T17:24:24","modified_gmt":"2020-10-28T16:24:24","slug":"acqua-solvente","status":"publish","type":"product","link":"https:\/\/makeupbyrenata.ch\/de\/shop\/smalti-e-trattamento-unghie\/acqua-solvente\/","title":{"rendered":"Acqua Solvente"},"content":{"rendered":"<div class=\"page\" title=\"Page 63\">\n<div class=\"section\">\n<div class=\"layoutArea\">\n<div class=\"column\">\n<p>INGREDIENTI CHIAVE:<\/p>\n<ul>\n<li>Lattato di etile: questo solvente al 100% d\u2019origine naturale elimina delicatamente lo smalto senza disidratare ne aggredire la pelle.<\/li>\n<li>L\u2019idrolato di bamb\u00f9 bio: ricco di silice organica, l\u2019idrolato di bamb\u00f9 bio \u00e8 noto per le sue virt\u00f9 idratanti e rigeneranti che rafforzano le unghie e le rendono pi\u00f9 resistenti.<\/li>\n<\/ul>\n<\/div>\n<\/div>\n<\/div>\n<\/div>\n","protected":false},"excerpt":{"rendered":"<div class=\"page\" title=\"Page 63\">\n<div class=\"section\">\n<div class=\"layoutArea\">\n<div class=\"column\">\n<p>L\u2019acqua solvente bio Zao make-up \u00e8 formulata senza acetone e senza etill acetate. La sua formula, al 100% d\u2018origine naturale, rimuove facilmente e delicatamente lo smalto senza disidratare la pelle, ne aggredire le unghie.<\/p>\n<\/div>\n<\/div>\n<\/div>\n<\/div>\n","protected":false},"featured_media":3062,"template":"","meta":{"_acf_changed":false,"_seopress_robots_primary_cat":"","_seopress_titles_title":"","_seopress_titles_desc":"","_seopress_robots_index":""},"product_brand":[],"product_cat":[55],"product_tag":[297,296,261],"class_list":{"0":"post-3060","1":"product","2":"type-product","3":"status-publish","4":"has-post-thumbnail","6":"product_cat-smalti-e-trattamento-unghie","7":"product_tag-297","8":"product_tag-acqua-solvente-smalto","9":"product_tag-cosmesi-naturali","11":"first","12":"instock","13":"shipping-taxable","14":"purchasable","15":"product-type-simple"},"acf":[],"jetpack_sharing_enabled":true,"_links":{"self":[{"href":"https:\/\/makeupbyrenata.ch\/de\/wp-json\/wp\/v2\/product\/3060","targetHints":{"allow":["GET"]}}],"collection":[{"href":"https:\/\/makeupbyrenata.ch\/de\/wp-json\/wp\/v2\/product"}],"about":[{"href":"https:\/\/makeupbyrenata.ch\/de\/wp-json\/wp\/v2\/types\/product"}],"wp:featuredmedia":[{"embeddable":true,"href":"https:\/\/makeupbyrenata.ch\/de\/wp-json\/wp\/v2\/media\/3062"}],"wp:attachment":[{"href":"https:\/\/makeupbyrenata.ch\/de\/wp-json\/wp\/v2\/media?parent=3060"}],"wp:term":[{"taxonomy":"product_brand","embeddable":true,"href":"https:\/\/makeupbyrenata.ch\/de\/wp-json\/wp\/v2\/product_brand?post=3060"},{"taxonomy":"product_cat","embeddable":true,"href":"https:\/\/makeupbyrenata.ch\/de\/wp-json\/wp\/v2\/product_cat?post=3060"},{"taxonomy":"product_tag","embeddable":true,"href":"https:\/\/makeupbyrenata.ch\/de\/wp-json\/wp\/v2\/product_tag?post=3060"}],"curies":[{"name":"wp","href":"https:\/\/api.w.org\/{rel}","templated":true}]}}