{"id":3145,"date":"2020-10-29T14:09:41","date_gmt":"2020-10-29T13:09:41","guid":{"rendered":"https:\/\/makeupbyrenata.ch\/?post_type=product&#038;p=3145"},"modified":"2021-01-11T20:55:38","modified_gmt":"2021-01-11T19:55:38","slug":"sublim-soft","status":"publish","type":"product","link":"https:\/\/makeupbyrenata.ch\/de\/shop\/lincarnato\/sublim-soft\/","title":{"rendered":"Sublim&#8216; Soft Primer opacizzante e lisciante"},"content":{"rendered":"<div class=\"page\" title=\"Page 11\">\n<div class=\"section\">\n<div class=\"layoutArea\">\n<div class=\"column\">\n<p>INGREDIENTI CHIAVE:<\/p>\n<div class=\"page\" title=\"Page 12\">\n<div class=\"section\">\n<div class=\"layoutArea\"><\/div>\n<div class=\"layoutArea\">\n<div class=\"column\">\n<ul>\n<li>Idrolato di bamb\u00f9 bio: proveniente della distillazione delle foglie di bamb\u00f9, purifica le pelli mistee acneiche opacizzandole. Idratante e lenitivo, \u00e8 altrettanto benefico per le pelli secche e sensibili. Grazie al suo alto contenuto di silice, lascia un tocco morbido sulla pelle.<\/li>\n<li>Polvere di bamb\u00f9: sostanza bianca estratta dai giunti del bamb\u00f9. Grazie al suo alto contenuto di silice, remineralizza, idrata e partecipa alla rigenerazione della pelle attenuando la lucentezza delle pelli miste e grasse.<\/li>\n<li>Macerato di bamb\u00f9 bio: cosi come l\u2019idrolato di bamb\u00f9 bio e la polvere di bamb\u00f9, questa materia \u00e8 estremamente ricca di silice organica il cui apporto esterno \u00e8 necessario per mantenere l\u2019elasticit\u00e0 degli strati superiori dell\u2019epidermide. In effetti, la silice organica stimola il processo di produzione del collagene.<\/li>\n<li>Squalano vegetale: estratto dall\u2019olio d\u2019oliva, lo squalano vegetale \u00e8 un derivato dello squalene, che \u00e8 un componente naturale del sebo umano. La sua eccellente affinit\u00e0 con la pelle, la sua somiglianza con i lipidi cutanei naturali e le sue propriet\u00e0 emollienti ne fanno un attivo ideale. Rafforza la barriera idrolipidica cutanea, ammorbidisce la pelle e la protegge dalla disidratazione.<\/li>\n<\/ul>\n<\/div>\n<\/div>\n<\/div>\n<\/div>\n<\/div>\n<\/div>\n<\/div>\n<\/div>\n","protected":false},"excerpt":{"rendered":"<div class=\"page\" title=\"Page 11\">\n<div class=\"section\">\n<div class=\"layoutArea\">\n<div class=\"column\">\n<div class=\"page\" title=\"Page 12\">\n<div class=\"section\">\n<div class=\"layoutArea\">\n<div class=\"column\">\n<p>Il Sublim\u2019soft sfuma visivamente le imperfezioni e sfoca i pori della pelle grazie alla sua formula a base di idrolato bio, macerato bio e polvere di bamb\u00f9 bio che sono ricchi di silice. \u00c8 il prodotto preferito delle pelli grasse. Se avete la pelle tendenzialmente secca, vi consigliamo il nostro Primer illuminante.<\/p>\n<\/div>\n<\/div>\n<\/div>\n<\/div>\n<\/div>\n<\/div>\n<\/div>\n<\/div>\n","protected":false},"featured_media":3146,"template":"","meta":{"_acf_changed":false,"_seopress_robots_primary_cat":"none","_seopress_titles_title":"","_seopress_titles_desc":"","_seopress_robots_index":""},"product_brand":[],"product_cat":[337],"product_tag":[343,341,300,338,342,344,345,130],"class_list":{"0":"post-3145","1":"product","2":"type-product","3":"status-publish","4":"has-post-thumbnail","6":"product_cat-lincarnato","7":"product_tag-343","8":"product_tag-cosmesi-100-naturali","9":"product_tag-cosmesi-ricaricabili","10":"product_tag-primer","11":"product_tag-primer-fondotinta","12":"product_tag-primer-pelle-grassa","13":"product_tag-sublimsoft","14":"product_tag-trucco-vegano","16":"first","17":"instock","18":"shipping-taxable","19":"purchasable","20":"product-type-simple"},"acf":[],"jetpack_sharing_enabled":true,"_links":{"self":[{"href":"https:\/\/makeupbyrenata.ch\/de\/wp-json\/wp\/v2\/product\/3145","targetHints":{"allow":["GET"]}}],"collection":[{"href":"https:\/\/makeupbyrenata.ch\/de\/wp-json\/wp\/v2\/product"}],"about":[{"href":"https:\/\/makeupbyrenata.ch\/de\/wp-json\/wp\/v2\/types\/product"}],"wp:featuredmedia":[{"embeddable":true,"href":"https:\/\/makeupbyrenata.ch\/de\/wp-json\/wp\/v2\/media\/3146"}],"wp:attachment":[{"href":"https:\/\/makeupbyrenata.ch\/de\/wp-json\/wp\/v2\/media?parent=3145"}],"wp:term":[{"taxonomy":"product_brand","embeddable":true,"href":"https:\/\/makeupbyrenata.ch\/de\/wp-json\/wp\/v2\/product_brand?post=3145"},{"taxonomy":"product_cat","embeddable":true,"href":"https:\/\/makeupbyrenata.ch\/de\/wp-json\/wp\/v2\/product_cat?post=3145"},{"taxonomy":"product_tag","embeddable":true,"href":"https:\/\/makeupbyrenata.ch\/de\/wp-json\/wp\/v2\/product_tag?post=3145"}],"curies":[{"name":"wp","href":"https:\/\/api.w.org\/{rel}","templated":true}]}}