{"id":3165,"date":"2020-10-30T10:34:00","date_gmt":"2020-10-30T09:34:00","guid":{"rendered":"https:\/\/makeupbyrenata.ch\/?post_type=product&#038;p=3165"},"modified":"2021-01-11T20:51:14","modified_gmt":"2021-01-11T19:51:14","slug":"correttore","status":"publish","type":"product","link":"https:\/\/makeupbyrenata.ch\/de\/shop\/lincarnato\/correttore\/","title":{"rendered":"Correttore Stick"},"content":{"rendered":"<div class=\"page\" title=\"Page 11\">\n<div class=\"section\">\n<div class=\"layoutArea\">\n<div class=\"column\">\n<div class=\"page\" title=\"Page 13\">\n<div class=\"section\">\n<div class=\"layoutArea\">\n<div class=\"column\">\n<div class=\"page\" title=\"Page 14\">\n<div class=\"section\">\n<div class=\"layoutArea\">\n<div class=\"column\">\n<p>INGREDIENTI CHIAVE:<\/p>\n<ul>\n<li>Olio di ricino bio: quest\u2019olio \u00e8 interessante perch\u00e9 emolliente e permette d\u2019ammorbidire e addolcire la pelle. \u00c8 anche idratante, aumenta il contenuto d\u2019acqua della pelle e la mantiene morbida e liscia.<\/li>\n<li>Cera di carnauba bio: secreta dalle foglie di una palma originaria del Brasile, questa cera \u00e8 un agente filmogeno che protegge la pelle producendo un film continuo che migliora la tenuta del trucco.<\/li>\n<li>Macerto di bamb\u00f9 bio: cosi come l\u2019idrolato di bamb\u00f9 bio e la polvere di bamb\u00f9 questa materia \u00e8 estremamente ricca di silice organica il cui apporto esterno \u00e8 necessario per mantenere l\u2019elasticit\u00e0 degli strati superiori dell\u2019epidermide. In effetti, la silice organica stimola il processo di produzione di collagene.<\/li>\n<\/ul>\n<\/div>\n<\/div>\n<\/div>\n<\/div>\n<\/div>\n<\/div>\n<\/div>\n<\/div>\n<\/div>\n<\/div>\n<\/div>\n<\/div>\n","protected":false},"excerpt":{"rendered":"<div class=\"page\" title=\"Page 11\">\n<div class=\"section\">\n<div class=\"layoutArea\">\n<div class=\"column\">\n<div class=\"page\" title=\"Page 13\">\n<div class=\"section\">\n<div class=\"layoutArea\">\n<div class=\"column\">\n<div class=\"page\" title=\"Page 14\">\n<div class=\"section\">\n<div class=\"layoutArea\">\n<div class=\"column\">\n<p>Il Correttore Stick consentono di nascondere le imperfezioni e le occhiaie per un incarnato a zero difetti. Ha una texture coprente e una lunga tenuta. Ricco in olio di ricino dalle propriet\u00e0 cicatrizzanti e lenitive, \u00e8 un concentrato di morbidezza per la pelle.<\/p>\n<div class=\"page\" title=\"Page 14\">\n<div class=\"section\">\n<div class=\"layoutArea\">\n<div class=\"column\">\n<p>I Correttori dal 491 al 494 hanno lo scopo di nascondere le occhiaie e camuffare le imperfezioni. Per un risultato perfetto, scegliere una tonalit\u00e0 al di sotto del colore della vostra pelle.<\/p>\n<p>Il Correttore 499 \u00e8 utilizzato per mascherare gli arrossamenti localizzati della pelle e la couperose.<\/p>\n<\/div>\n<\/div>\n<\/div>\n<\/div>\n<\/div>\n<\/div>\n<\/div>\n<\/div>\n<\/div>\n<\/div>\n<\/div>\n<\/div>\n<\/div>\n<\/div>\n<\/div>\n<\/div>\n","protected":false},"featured_media":3166,"template":"","meta":{"_acf_changed":false,"_seopress_robots_primary_cat":"none","_seopress_titles_title":"","_seopress_titles_desc":"","_seopress_robots_index":""},"product_brand":[],"product_cat":[337],"product_tag":[356,357,358,359,360,352,354,355,353,341,300,130],"class_list":{"0":"post-3165","1":"product","2":"type-product","3":"status-publish","4":"has-post-thumbnail","6":"product_cat-lincarnato","7":"product_tag-356","8":"product_tag-357","9":"product_tag-358","10":"product_tag-359","11":"product_tag-360","12":"product_tag-correttore","13":"product_tag-correttore-arrossamenti","14":"product_tag-correttore-brufoli","15":"product_tag-correttore-occhiaia","16":"product_tag-cosmesi-100-naturali","17":"product_tag-cosmesi-ricaricabili","18":"product_tag-trucco-vegano","20":"first","21":"instock","22":"shipping-taxable","23":"purchasable","24":"product-type-variable"},"acf":[],"jetpack_sharing_enabled":true,"_links":{"self":[{"href":"https:\/\/makeupbyrenata.ch\/de\/wp-json\/wp\/v2\/product\/3165","targetHints":{"allow":["GET"]}}],"collection":[{"href":"https:\/\/makeupbyrenata.ch\/de\/wp-json\/wp\/v2\/product"}],"about":[{"href":"https:\/\/makeupbyrenata.ch\/de\/wp-json\/wp\/v2\/types\/product"}],"wp:featuredmedia":[{"embeddable":true,"href":"https:\/\/makeupbyrenata.ch\/de\/wp-json\/wp\/v2\/media\/3166"}],"wp:attachment":[{"href":"https:\/\/makeupbyrenata.ch\/de\/wp-json\/wp\/v2\/media?parent=3165"}],"wp:term":[{"taxonomy":"product_brand","embeddable":true,"href":"https:\/\/makeupbyrenata.ch\/de\/wp-json\/wp\/v2\/product_brand?post=3165"},{"taxonomy":"product_cat","embeddable":true,"href":"https:\/\/makeupbyrenata.ch\/de\/wp-json\/wp\/v2\/product_cat?post=3165"},{"taxonomy":"product_tag","embeddable":true,"href":"https:\/\/makeupbyrenata.ch\/de\/wp-json\/wp\/v2\/product_tag?post=3165"}],"curies":[{"name":"wp","href":"https:\/\/api.w.org\/{rel}","templated":true}]}}