{"id":3190,"date":"2020-10-30T11:16:51","date_gmt":"2020-10-30T10:16:51","guid":{"rendered":"https:\/\/makeupbyrenata.ch\/?post_type=product&#038;p=3190"},"modified":"2021-01-11T20:40:17","modified_gmt":"2021-01-11T19:40:17","slug":"soie-de-teint-fondotinta-fluido","status":"publish","type":"product","link":"https:\/\/makeupbyrenata.ch\/de\/shop\/lincarnato\/soie-de-teint-fondotinta-fluido\/","title":{"rendered":"Soie de teint &#8211; Fondotinta fluido"},"content":{"rendered":"<div class=\"page\" title=\"Page 15\">\n<div class=\"section\">\n<div class=\"layoutArea\">\n<div class=\"column\">\n<div class=\"page\" title=\"Page 15\">\n<div class=\"section\">\n<div class=\"layoutArea\">\n<div class=\"column\">\n<p>INGREDIENTI CHIAVE:<\/p>\n<ul>\n<li>Idrolato di bamb\u00f9 bio: proveniente della distillazione delle foglie di bamb\u00f9, purifica le pelli miste e acneiche opacizzandole. Idratante e lenitivo, \u00e8 altrettanto benefico per le pelli secche e sensibili. Grazie al suo alto contenuto di silice, lascia un tocco morbido sulla pelle.<\/li>\n<li>Olio di jojoba bio: calmante e ammorbidente, questo olio penetra facilmente nella pelle senza lasciare una sensazione grassa. Protegge la pelle dalla disidratazione e dalle rughe. La sua texture asciutta e la sua composizione originale permettono di rafforzare il film idrolipidico e di regolare il flusso di sebo delle pelli grasse.<\/li>\n<li>Olio di mandorle dolci bio: molto dolce, quest\u2019olio lascia un aspetto vellutato e un tocco morbido sulla pelle. Emolliente, nutre la pelle e la protegge dalla disidratazione. Ammorbidente e fortificante, attiva la rigenerazione della pelle. Lenitivo, calma il prurito e le irritazioni.\u2022 Burro di karit\u00e9 bio: il burro di karit\u00e9 viene estratto dalle noci del karit\u00e9, un albero che cresce soltanto allo stato selvatico nella savana arborea dell\u2019Africa occidentale. La sua composizione ricca di acidi grassi conferisce propriet\u00e0 idratanti e nutrienti.<\/li>\n<\/ul>\n<\/div>\n<\/div>\n<\/div>\n<\/div>\n<\/div>\n<\/div>\n<\/div>\n<\/div>\n","protected":false},"excerpt":{"rendered":"<div class=\"page\" title=\"Page 15\">\n<div class=\"section\">\n<div class=\"layoutArea\">\n<div class=\"column\">\n<p>La texture leggera e vellutata del Soie de teint si stende facilmente sulla pelle, lasciando l\u2019incarnato luminoso e naturale. La silice contenuta nell\u2019idrolato delle foglie di bamb\u00f9 bio, cosi come l\u2019olio di mandorle dolci bio e il burro di karit\u00e9 bio, idratano senza lasciare una sensazione untuosa sulla pelle. Questo fondotinta \u00e8 adatto a tutti i tipi di pelle.<\/p>\n<\/div>\n<\/div>\n<\/div>\n<\/div>\n","protected":false},"featured_media":3210,"template":"","meta":{"_acf_changed":false,"_seopress_robots_primary_cat":"none","_seopress_titles_title":"","_seopress_titles_desc":"","_seopress_robots_index":""},"product_brand":[],"product_cat":[337],"product_tag":[101,310,313,315,317,320,322,331,333,369,370,102,366,367,368],"class_list":{"0":"post-3190","1":"product","2":"type-product","3":"status-publish","4":"has-post-thumbnail","6":"product_cat-lincarnato","7":"product_tag-100-naturale","8":"product_tag-310","9":"product_tag-313","10":"product_tag-315","11":"product_tag-317","12":"product_tag-320","13":"product_tag-322","14":"product_tag-331","15":"product_tag-333","16":"product_tag-369","17":"product_tag-370","18":"product_tag-cosmesi-bio","19":"product_tag-fondotinta","20":"product_tag-fondotinta-fluido","21":"product_tag-fondotinta-naturale","23":"first","24":"instock","25":"shipping-taxable","26":"purchasable","27":"product-type-variable"},"acf":[],"jetpack_sharing_enabled":true,"_links":{"self":[{"href":"https:\/\/makeupbyrenata.ch\/de\/wp-json\/wp\/v2\/product\/3190","targetHints":{"allow":["GET"]}}],"collection":[{"href":"https:\/\/makeupbyrenata.ch\/de\/wp-json\/wp\/v2\/product"}],"about":[{"href":"https:\/\/makeupbyrenata.ch\/de\/wp-json\/wp\/v2\/types\/product"}],"wp:featuredmedia":[{"embeddable":true,"href":"https:\/\/makeupbyrenata.ch\/de\/wp-json\/wp\/v2\/media\/3210"}],"wp:attachment":[{"href":"https:\/\/makeupbyrenata.ch\/de\/wp-json\/wp\/v2\/media?parent=3190"}],"wp:term":[{"taxonomy":"product_brand","embeddable":true,"href":"https:\/\/makeupbyrenata.ch\/de\/wp-json\/wp\/v2\/product_brand?post=3190"},{"taxonomy":"product_cat","embeddable":true,"href":"https:\/\/makeupbyrenata.ch\/de\/wp-json\/wp\/v2\/product_cat?post=3190"},{"taxonomy":"product_tag","embeddable":true,"href":"https:\/\/makeupbyrenata.ch\/de\/wp-json\/wp\/v2\/product_tag?post=3190"}],"curies":[{"name":"wp","href":"https:\/\/api.w.org\/{rel}","templated":true}]}}