{"id":3284,"date":"2020-10-30T17:15:54","date_gmt":"2020-10-30T16:15:54","guid":{"rendered":"https:\/\/makeupbyrenata.ch\/?post_type=product&#038;p=3284"},"modified":"2021-01-11T20:49:59","modified_gmt":"2021-01-11T19:49:59","slug":"nuova-bb-cream","status":"publish","type":"product","link":"https:\/\/makeupbyrenata.ch\/de\/shop\/lincarnato\/nuova-bb-cream\/","title":{"rendered":"Nuova BB Cream"},"content":{"rendered":"<div class=\"page\" title=\"Page 16\">\n<div class=\"section\">\n<div class=\"layoutArea\">\n<div class=\"column\">\n<p>INGREDIENTI CHIAVE:<\/p>\n<\/div>\n<\/div>\n<div class=\"layoutArea\">\n<div class=\"column\">\n<ul>\n<li>3 complessi idratanti, Fucocert, Pheohydrane e AQUAXYLTM: questi principi attivi idratano la pelle potenziando i fattori idratanti naturali (NMF : Natural Moisturizing Factors) ma anche limitando le perdite insensibili d\u2019acqua grazie alla sintesi potenziata dei lipidi e proteine dello strato corneo. La pelle \u00e8 visibilmente pi\u00f9 bella, lenita e ristrutturata.<\/li>\n<li>Olio di karanja bio: dotato di propriet\u00e0 emollienti, quest\u2019olio \u00e8 anche ricco di attivi detergenti e purificanti. \u00c8 ideale per le pelli pi\u00f9 sensibili.<\/li>\n<li>Estratto di bamb\u00f9 bio : ricco di silice organica che stimola la formazione di fibre del collagene e di elastina, permette alla pelle di ritrovare compattezza, elasticit\u00e0 e di mantenere il livello di idratazione. Dona anche un tocco morbido.<\/li>\n<\/ul>\n<\/div>\n<\/div>\n<\/div>\n<\/div>\n","protected":false},"excerpt":{"rendered":"<div class=\"page\" title=\"Page 16\">\n<div class=\"section\">\n<div class=\"layoutArea\">\n<div class=\"column\">\n<p>La BB cream Zao unisce l\u2019efficacia di un trattamento idratante alla luminosit\u00e0 di una crema colorata per esaltare l\u2019incarnato. Protegge la pelle dal sole grazie ai suoi filtri minerali di origine naturale, efficaci sui raggi UVA e UVB, che garantiscono un SPF 25 (fattore di protezione solare). La sua texture fine e morbida offre una coprenza leggera per un incarnato uniforme e naturale. La sua applicazione \u00e8 semplice e veloce. Adatta a tutti i tipi di pelle.<\/p>\n<\/div>\n<\/div>\n<\/div>\n<\/div>\n","protected":false},"featured_media":3781,"template":"","meta":{"_acf_changed":false,"_seopress_robots_primary_cat":"none","_seopress_titles_title":"","_seopress_titles_desc":"","_seopress_robots_index":""},"product_brand":[],"product_cat":[337],"product_tag":[374,375,376,371,341,373,372,99],"class_list":{"0":"post-3284","1":"product","2":"type-product","3":"status-publish","4":"has-post-thumbnail","6":"product_cat-lincarnato","7":"product_tag-374","8":"product_tag-375","9":"product_tag-376","10":"product_tag-bb-cream","11":"product_tag-cosmesi-100-naturali","12":"product_tag-crema-colorata-protezione-uv","13":"product_tag-crema-idratante-colorata","14":"product_tag-trucco-vegan","16":"first","17":"instock","18":"shipping-taxable","19":"purchasable","20":"product-type-variable"},"acf":[],"jetpack_sharing_enabled":true,"_links":{"self":[{"href":"https:\/\/makeupbyrenata.ch\/de\/wp-json\/wp\/v2\/product\/3284","targetHints":{"allow":["GET"]}}],"collection":[{"href":"https:\/\/makeupbyrenata.ch\/de\/wp-json\/wp\/v2\/product"}],"about":[{"href":"https:\/\/makeupbyrenata.ch\/de\/wp-json\/wp\/v2\/types\/product"}],"wp:featuredmedia":[{"embeddable":true,"href":"https:\/\/makeupbyrenata.ch\/de\/wp-json\/wp\/v2\/media\/3781"}],"wp:attachment":[{"href":"https:\/\/makeupbyrenata.ch\/de\/wp-json\/wp\/v2\/media?parent=3284"}],"wp:term":[{"taxonomy":"product_brand","embeddable":true,"href":"https:\/\/makeupbyrenata.ch\/de\/wp-json\/wp\/v2\/product_brand?post=3284"},{"taxonomy":"product_cat","embeddable":true,"href":"https:\/\/makeupbyrenata.ch\/de\/wp-json\/wp\/v2\/product_cat?post=3284"},{"taxonomy":"product_tag","embeddable":true,"href":"https:\/\/makeupbyrenata.ch\/de\/wp-json\/wp\/v2\/product_tag?post=3284"}],"curies":[{"name":"wp","href":"https:\/\/api.w.org\/{rel}","templated":true}]}}