{"id":3295,"date":"2020-10-30T17:24:08","date_gmt":"2020-10-30T16:24:08","guid":{"rendered":"https:\/\/makeupbyrenata.ch\/?post_type=product&#038;p=3295"},"modified":"2020-10-30T17:24:10","modified_gmt":"2020-10-30T16:24:10","slug":"fondotinta-compatto","status":"publish","type":"product","link":"https:\/\/makeupbyrenata.ch\/de\/shop\/lincarnato\/fondotinta-compatto\/","title":{"rendered":"Fondotinta Compatto"},"content":{"rendered":"<p>INGREDIENTI CHIAVE:<\/p>\n<div class=\"page\" title=\"Page 17\">\n<div class=\"section\">\n<div class=\"layoutArea\">\n<div class=\"column\">\n<p>\u2022 Polvere di bamb\u00f9: sostanza bianca estratta dai giunti del bamb\u00f9. Grazie al suo alto contenuto di silice, remineralizza, idrata e partecipa alla rigenerazione della pelle attenuando la lucentezza delle pelli miste e grasse.<\/p>\n<p>\u2022 Macerato di bamb\u00f9 bio: cosi come l\u2019idrolato di bamb\u00f9 bio e la polvere di bamb\u00f9, questa materia \u00e8 estremamente ricca di silice organica il cui apporto esterno \u00e8 necessario per mantenere l\u2019elasticit\u00e0 degli strati superiori dell\u2019epidermide. In effetti, la silice organica stimola il processo di produzione del collagene.<\/p>\n<p>\u2022 Squalano vegetale: estratto dall\u2019olio d\u2019oliva, lo squalano vegetale \u00e8 un derivato dello squalene, che \u00e8 un componente naturale del sebo umano. La sua eccellente affinit\u00e0 con la pelle, la sua somiglianza con i lipidi cutanei naturali e le sue propriet\u00e0 emollienti ne fanno un attivo ideale. Rafforza la barriera idrolipidica cutanea, ammorbidisce la pelle e la protegge dalla disidratazione.<\/p>\n<p>\u2022 Olio di semi di babassu bio: protettivo e filmogeno, previene la disidratazione della pelle. Antiradicali liberi e anti-\u00e2ge (grazie ai tocotrienoli), combatte contro l\u2019invecchiamento della pelle.<\/p>\n<\/div>\n<\/div>\n<\/div>\n<\/div>\n","protected":false},"excerpt":{"rendered":"<div class=\"page\" title=\"Page 17\">\n<div class=\"section\">\n<div class=\"layoutArea\">\n<div class=\"column\">\n<p>Cremoso e setoso, il Fondotinta compatto sublima l\u2019incarnato dissimulando le imperfezioni della pelle. Grazie alla perfetta coprenza del Fondotinta compatto Zao Make-Up l\u2019incarnato \u00e8 unificato. Facile da lavorare, si sfuma delicatamente per fondersi in modo uniforme con la pelle. A base di polvere di bamb\u00f9 e di macerato di bamb\u00f9 bio con propriet\u00e0 idratanti e lenitive.<\/p>\n<\/div>\n<\/div>\n<\/div>\n<\/div>\n","protected":false},"featured_media":3297,"template":"","meta":{"_acf_changed":false,"_seopress_robots_primary_cat":"","_seopress_titles_title":"","_seopress_titles_desc":"","_seopress_robots_index":""},"product_brand":[],"product_cat":[337],"product_tag":[378,379,380,381,382,383,384,385,386,387,388,389,390,391,341,377,368,99],"class_list":{"0":"post-3295","1":"product","2":"type-product","3":"status-publish","4":"has-post-thumbnail","6":"product_cat-lincarnato","7":"product_tag-378","8":"product_tag-379","9":"product_tag-380","10":"product_tag-381","11":"product_tag-382","12":"product_tag-383","13":"product_tag-384","14":"product_tag-385","15":"product_tag-386","16":"product_tag-387","17":"product_tag-388","18":"product_tag-389","19":"product_tag-390","20":"product_tag-391","21":"product_tag-cosmesi-100-naturali","22":"product_tag-fondotinta-compatto","23":"product_tag-fondotinta-naturale","24":"product_tag-trucco-vegan","26":"first","27":"instock","28":"shipping-taxable","29":"purchasable","30":"product-type-variable"},"acf":[],"jetpack_sharing_enabled":true,"_links":{"self":[{"href":"https:\/\/makeupbyrenata.ch\/de\/wp-json\/wp\/v2\/product\/3295","targetHints":{"allow":["GET"]}}],"collection":[{"href":"https:\/\/makeupbyrenata.ch\/de\/wp-json\/wp\/v2\/product"}],"about":[{"href":"https:\/\/makeupbyrenata.ch\/de\/wp-json\/wp\/v2\/types\/product"}],"wp:featuredmedia":[{"embeddable":true,"href":"https:\/\/makeupbyrenata.ch\/de\/wp-json\/wp\/v2\/media\/3297"}],"wp:attachment":[{"href":"https:\/\/makeupbyrenata.ch\/de\/wp-json\/wp\/v2\/media?parent=3295"}],"wp:term":[{"taxonomy":"product_brand","embeddable":true,"href":"https:\/\/makeupbyrenata.ch\/de\/wp-json\/wp\/v2\/product_brand?post=3295"},{"taxonomy":"product_cat","embeddable":true,"href":"https:\/\/makeupbyrenata.ch\/de\/wp-json\/wp\/v2\/product_cat?post=3295"},{"taxonomy":"product_tag","embeddable":true,"href":"https:\/\/makeupbyrenata.ch\/de\/wp-json\/wp\/v2\/product_tag?post=3295"}],"curies":[{"name":"wp","href":"https:\/\/api.w.org\/{rel}","templated":true}]}}