{"id":3339,"date":"2020-10-30T17:48:42","date_gmt":"2020-10-30T16:48:42","guid":{"rendered":"https:\/\/makeupbyrenata.ch\/?post_type=product&#038;p=3339"},"modified":"2020-10-30T17:48:42","modified_gmt":"2020-10-30T16:48:42","slug":"light-touch-illuminanti","status":"publish","type":"product","link":"https:\/\/makeupbyrenata.ch\/de\/shop\/lincarnato\/light-touch-illuminanti\/","title":{"rendered":"Light Touch illuminanti"},"content":{"rendered":"<p>INGREDIENTI CHIAVE:<\/p>\n<div class=\"page\" title=\"Page 18\">\n<div class=\"section\">\n<div class=\"layoutArea\">\n<div class=\"column\">\n<ul>\n<li>Idrolato di bamb\u00f9 bio: proveniente della distillazione delle foglie di bamb\u00f9, purifica le pelli miste e acneiche opacizzandole. Idratante e lenitivo, \u00e8 altrettanto benefico per le pelli secche e sensibili. Grazie al suo alto contenuto di silice, lascia un tocco morbido sulla pelle.<\/li>\n<li>Olio di mandorle dolci bio: molto dolce, quest\u2019olio lascia un aspetto vellutato e un tocco morbido sulla pelle. Emolliente, nutre la pelle e la protegge dalla disidratazione. Ammorbidente e fortificante, attiva la rigenerazione della pelle. Lenitivo, calma il prurito e le irritazioni.<\/li>\n<li>Olio di jojoba bio: calmante e ammorbidente, questo olio penetra facilmente nella pelle senza lasciare una sensazione grassa. Protegge la pelle dalla disidratazione e dalle rughe. La sua texture asciutta e la sua composizione originale permettono di rafforzare il film idrolipidico e di regolare il flusso di sebo delle pelli grasse.<\/li>\n<li>Burro di karit\u00e9 bio: il burro di karit\u00e9 viene estratto dalle noci del karit\u00e9, un albero che cresce soltanto allo stato selvatico nella savana arborea dell\u2019Africa occidentale. La sua composizione ricca di acidi grassi conferisce propriet\u00e0 idratanti e nutrienti.<\/li>\n<\/ul>\n<\/div>\n<\/div>\n<\/div>\n<\/div>\n","protected":false},"excerpt":{"rendered":"<div class=\"page\" title=\"Page 18\">\n<div class=\"section\">\n<div class=\"layoutArea\">\n<div class=\"column\">\n<p>Il Light Touch permette di rivelare la luminosit\u00e0 della pelle cancellando le zone d\u2019ombra e i segni di affaticamento. Illumina armoniosamente alcune aree del viso per un incarnato perfetto e luminoso. Grazie alla sua texture fluida e leggera, il Light Touch \u00e8 molto facile da applicare e lavorare. A base d\u2019idrolato di bamb\u00f9 bio che idrata e rigenera la pelle.<\/p>\n<\/div>\n<\/div>\n<\/div>\n<\/div>\n","protected":false},"featured_media":3341,"template":"","meta":{"_acf_changed":false,"_seopress_robots_primary_cat":"","_seopress_titles_title":"","_seopress_titles_desc":"","_seopress_robots_index":""},"product_brand":[],"product_cat":[337],"product_tag":[394,395,396,341,393,392,99],"class_list":{"0":"post-3339","1":"product","2":"type-product","3":"status-publish","4":"has-post-thumbnail","6":"product_cat-lincarnato","7":"product_tag-394","8":"product_tag-395","9":"product_tag-396","10":"product_tag-cosmesi-100-naturali","11":"product_tag-illuminante-trucco","12":"product_tag-light-touch-illuminante","13":"product_tag-trucco-vegan","15":"first","16":"instock","17":"shipping-taxable","18":"purchasable","19":"product-type-variable"},"acf":[],"jetpack_sharing_enabled":true,"_links":{"self":[{"href":"https:\/\/makeupbyrenata.ch\/de\/wp-json\/wp\/v2\/product\/3339","targetHints":{"allow":["GET"]}}],"collection":[{"href":"https:\/\/makeupbyrenata.ch\/de\/wp-json\/wp\/v2\/product"}],"about":[{"href":"https:\/\/makeupbyrenata.ch\/de\/wp-json\/wp\/v2\/types\/product"}],"wp:featuredmedia":[{"embeddable":true,"href":"https:\/\/makeupbyrenata.ch\/de\/wp-json\/wp\/v2\/media\/3341"}],"wp:attachment":[{"href":"https:\/\/makeupbyrenata.ch\/de\/wp-json\/wp\/v2\/media?parent=3339"}],"wp:term":[{"taxonomy":"product_brand","embeddable":true,"href":"https:\/\/makeupbyrenata.ch\/de\/wp-json\/wp\/v2\/product_brand?post=3339"},{"taxonomy":"product_cat","embeddable":true,"href":"https:\/\/makeupbyrenata.ch\/de\/wp-json\/wp\/v2\/product_cat?post=3339"},{"taxonomy":"product_tag","embeddable":true,"href":"https:\/\/makeupbyrenata.ch\/de\/wp-json\/wp\/v2\/product_tag?post=3339"}],"curies":[{"name":"wp","href":"https:\/\/api.w.org\/{rel}","templated":true}]}}