{"id":3352,"date":"2020-11-02T08:44:15","date_gmt":"2020-11-02T07:44:15","guid":{"rendered":"https:\/\/makeupbyrenata.ch\/?post_type=product&#038;p=3352"},"modified":"2020-11-02T09:25:39","modified_gmt":"2020-11-02T08:25:39","slug":"mineral-silk-invisible-500","status":"publish","type":"product","link":"https:\/\/makeupbyrenata.ch\/de\/shop\/lincarnato\/mineral-silk-invisible-500\/","title":{"rendered":"Mineral Silk Invisible 500"},"content":{"rendered":"<div class=\"page\" title=\"Page 19\">\n<div class=\"section\">\n<div class=\"layoutArea\">\n<div class=\"column\">\n<p>INGREDIENTI CHIAVE:<\/p>\n<ul>\n<li>Amido di mais: L\u2019amido di mais biologico \u00e8 un supporto vegetale che consente una migliore adesione della polvere sulla pelle e quindi una migliore tenuta del trucco.<\/li>\n<li>Macerato di bamb\u00f9 bio: Cosi come l\u2019idrolato di bamb\u00f9 bio e la polvere di bamb\u00f9, questa materia \u00e8 estremamente ricca di silice organica il cui apporto esterno \u00e8 necessario per mantenere l\u2019elasticit\u00e0 degli strati superiori dell\u2019epidermide. In effetti, la silice organica stimola il processo di produzione del collagene.<\/li>\n<li>Polvere di bamb\u00f9: Sostanza bianca estratta dai giunti del bamb\u00f9. Grazie al suo alto contenuto di silice, remineralizza, idrata e partecipa alla rigenerazione della pelle attenuando la lucentezza delle pelli miste e grasse.<\/li>\n<li>Squalano vegetale: Estratto dall\u2019olio d\u2019oliva, lo squalano vegetale \u00e8 un derivato dello squalene, che \u00e8 un componente naturale del sebo umano. La sua eccellente affinit\u00e0 con la pelle, la sua somiglianza con i lipidi cutanei naturali e le sue propriet\u00e0 emollienti ne fanno un attivo ideale. Rafforza la barriera idrolipidica cutanea, ammorbidisce la pelle e la protegge dalla disidratazione.<\/li>\n<\/ul>\n<\/div>\n<\/div>\n<\/div>\n<\/div>\n","protected":false},"excerpt":{"rendered":"<div class=\"page\" title=\"Page 19\">\n<div class=\"section\">\n<div class=\"layoutArea\">\n<div class=\"column\">\n<p>Il Mineral silk 500 \u00e8 una cipria di finizione invisibile. Fissa il fondotinta, opacizza e unifica l\u2019incarnato senza lucido n\u00e9 effetto materia. Sfoca le imperfezioni e consente un make-up lunga durata senza difetti.<\/p>\n<p>Con il Mineral silk 500 Zao Make-Up otterrete un finito naturale opaco e vellutato per un incarnato splendente e naturale, effetto pelle di pesca. Il suo colore neutro si fonde perfettamente con la pelle e si adatta a tutti gli incarnati.<\/p>\n<\/div>\n<\/div>\n<\/div>\n<\/div>\n","protected":false},"featured_media":3354,"template":"","meta":{"_acf_changed":false,"_seopress_robots_primary_cat":"none","_seopress_titles_title":"","_seopress_titles_desc":"","_seopress_robots_index":""},"product_brand":[],"product_cat":[337],"product_tag":[398,341,397,130],"class_list":{"0":"post-3352","1":"product","2":"type-product","3":"status-publish","4":"has-post-thumbnail","6":"product_cat-lincarnato","7":"product_tag-398","8":"product_tag-cosmesi-100-naturali","9":"product_tag-mineral-silk-cipria","10":"product_tag-trucco-vegano","12":"first","13":"instock","14":"shipping-taxable","15":"purchasable","16":"product-type-simple"},"acf":[],"jetpack_sharing_enabled":true,"_links":{"self":[{"href":"https:\/\/makeupbyrenata.ch\/de\/wp-json\/wp\/v2\/product\/3352","targetHints":{"allow":["GET"]}}],"collection":[{"href":"https:\/\/makeupbyrenata.ch\/de\/wp-json\/wp\/v2\/product"}],"about":[{"href":"https:\/\/makeupbyrenata.ch\/de\/wp-json\/wp\/v2\/types\/product"}],"wp:featuredmedia":[{"embeddable":true,"href":"https:\/\/makeupbyrenata.ch\/de\/wp-json\/wp\/v2\/media\/3354"}],"wp:attachment":[{"href":"https:\/\/makeupbyrenata.ch\/de\/wp-json\/wp\/v2\/media?parent=3352"}],"wp:term":[{"taxonomy":"product_brand","embeddable":true,"href":"https:\/\/makeupbyrenata.ch\/de\/wp-json\/wp\/v2\/product_brand?post=3352"},{"taxonomy":"product_cat","embeddable":true,"href":"https:\/\/makeupbyrenata.ch\/de\/wp-json\/wp\/v2\/product_cat?post=3352"},{"taxonomy":"product_tag","embeddable":true,"href":"https:\/\/makeupbyrenata.ch\/de\/wp-json\/wp\/v2\/product_tag?post=3352"}],"curies":[{"name":"wp","href":"https:\/\/api.w.org\/{rel}","templated":true}]}}