{"id":3359,"date":"2020-11-02T08:46:18","date_gmt":"2020-11-02T07:46:18","guid":{"rendered":"https:\/\/makeupbyrenata.ch\/?post_type=product&#038;p=3359"},"modified":"2021-01-11T20:42:57","modified_gmt":"2021-01-11T19:42:57","slug":"mineral-silk","status":"publish","type":"product","link":"https:\/\/makeupbyrenata.ch\/de\/shop\/lincarnato\/mineral-silk\/","title":{"rendered":"Mineral Silk &#8211; Fondotinta minerale"},"content":{"rendered":"<div class=\"page\" title=\"Page 19\">\n<div class=\"section\">\n<div class=\"layoutArea\">\n<div class=\"column\">\n<div class=\"page\" title=\"Page 20\">\n<div class=\"section\">\n<div class=\"layoutArea\">\n<div class=\"column\">\n<p>INGREDIENTI CHIAVE:<\/p>\n<\/div>\n<\/div>\n<div class=\"layoutArea\">\n<div class=\"column\">\n<ul>\n<li>Polvere di riso bio: la polvere di riso \u00e8 uno dei pi\u00f9 antichi ingredienti cosmetici. Ha la capacit\u00e0 di opacizzare la pelle senza ostruire i pori regolando la secrezione di sebo.<\/li>\n<li>Amido di mais: l\u2019amido di mais biologico \u00e8 un supporto vegetale che consente una migliore adesione della polvere sulla pelle e quindi una migliore tenuta del trucco. Facilita la dispersione dei pigmenti e in questo modo aiuta l\u2019unicit\u00e0 del colore sulla pelle.<\/li>\n<li>Estratto di fava di cacao: il cacao ha la propriet\u00e0 di essere antiossidante per lottare contro gli effetti nefasti del tempo. Inoltre, \u00e8 una tintura vegetale.<\/li>\n<li>Polvere di bamb\u00f9: sostanza bianca estratta dai giunti del bamb\u00f9. Grazie al suo alto contenuto di silice, remineralizza, idrata e partecipa alla rigenerazione della pelleattenuando la lucentezza delle pelli miste e grasse.<\/li>\n<\/ul>\n<\/div>\n<\/div>\n<\/div>\n<\/div>\n<\/div>\n<\/div>\n<\/div>\n<\/div>\n","protected":false},"excerpt":{"rendered":"<div class=\"page\" title=\"Page 19\">\n<div class=\"section\">\n<div class=\"layoutArea\">\n<div class=\"column\">\n<div class=\"page\" title=\"Page 20\">\n<div class=\"section\">\n<div class=\"layoutArea\">\n<div class=\"column\">\n<p>Facile da usare, il Mineral silk \u00e8 un fondotinta in polvere che opacizza, unifica e sublima il viso in tutta leggerezza.<br \/>\nQuesto fondotinta in polvere, a base di polvere di riso bio, ha una texture ultra fine, morbida e ariosa che dona alla pelle un finito naturale e vellutato. Al 100% di origine naturale, \u00e8 adatto a tutti i tipi di pelle, anche le pi\u00f9 sensibili. Particolarmente consigliato per le pelli mature.<\/p>\n<\/div>\n<\/div>\n<\/div>\n<\/div>\n<\/div>\n<\/div>\n<\/div>\n<\/div>\n","protected":false},"featured_media":3360,"template":"","meta":{"_acf_changed":false,"_seopress_robots_primary_cat":"none","_seopress_titles_title":"","_seopress_titles_desc":"","_seopress_robots_index":""},"product_brand":[],"product_cat":[337],"product_tag":[400,401,402,403,404,405,406,341,399,397,130],"class_list":{"0":"post-3359","1":"product","2":"type-product","3":"status-publish","4":"has-post-thumbnail","6":"product_cat-lincarnato","7":"product_tag-400","8":"product_tag-401","9":"product_tag-402","10":"product_tag-403","11":"product_tag-404","12":"product_tag-405","13":"product_tag-406","14":"product_tag-cosmesi-100-naturali","15":"product_tag-fondotinta-in-polvere","16":"product_tag-mineral-silk-cipria","17":"product_tag-trucco-vegano","19":"first","20":"instock","21":"shipping-taxable","22":"purchasable","23":"product-type-variable"},"acf":[],"jetpack_sharing_enabled":true,"_links":{"self":[{"href":"https:\/\/makeupbyrenata.ch\/de\/wp-json\/wp\/v2\/product\/3359","targetHints":{"allow":["GET"]}}],"collection":[{"href":"https:\/\/makeupbyrenata.ch\/de\/wp-json\/wp\/v2\/product"}],"about":[{"href":"https:\/\/makeupbyrenata.ch\/de\/wp-json\/wp\/v2\/types\/product"}],"wp:featuredmedia":[{"embeddable":true,"href":"https:\/\/makeupbyrenata.ch\/de\/wp-json\/wp\/v2\/media\/3360"}],"wp:attachment":[{"href":"https:\/\/makeupbyrenata.ch\/de\/wp-json\/wp\/v2\/media?parent=3359"}],"wp:term":[{"taxonomy":"product_brand","embeddable":true,"href":"https:\/\/makeupbyrenata.ch\/de\/wp-json\/wp\/v2\/product_brand?post=3359"},{"taxonomy":"product_cat","embeddable":true,"href":"https:\/\/makeupbyrenata.ch\/de\/wp-json\/wp\/v2\/product_cat?post=3359"},{"taxonomy":"product_tag","embeddable":true,"href":"https:\/\/makeupbyrenata.ch\/de\/wp-json\/wp\/v2\/product_tag?post=3359"}],"curies":[{"name":"wp","href":"https:\/\/api.w.org\/{rel}","templated":true}]}}