{"id":3420,"date":"2020-11-02T09:16:57","date_gmt":"2020-11-02T08:16:57","guid":{"rendered":"https:\/\/makeupbyrenata.ch\/?post_type=product&#038;p=3420"},"modified":"2020-11-02T09:16:58","modified_gmt":"2020-11-02T08:16:58","slug":"terra-cotta-minerale","status":"publish","type":"product","link":"https:\/\/makeupbyrenata.ch\/de\/shop\/lincarnato\/terra-cotta-minerale\/","title":{"rendered":"Terra Cotta Minerale"},"content":{"rendered":"<div class=\"page\" title=\"Page 23\">\n<div class=\"section\">\n<div class=\"layoutArea\">\n<div class=\"column\">\n<p>INGREDIENTI CHIAVE:<\/p>\n<\/div>\n<\/div>\n<div class=\"layoutArea\">\n<div class=\"column\">\n<ul>\n<li>Amido di mais: l\u2019amido di mais biologico \u00e8 un supporto vegetale che consente una migliore adesione della polvere sulla pelle e quindi una migliore tenuta del trucco. Facilita la dispersione dei pigmenti e in questo modo aiuta l\u2019unicit\u00e0 del colore sulla pelle.<\/li>\n<li>Squalano vegetale: estratto dall\u2019olio d\u2019oliva, lo squalano vegetale \u00e8 un derivato dello squalene, che \u00e8 un componente naturale del sebo umano. La sua eccellente affinit\u00e0 con la pelle, la sua somiglianza con i lipidi cutanei naturali e le sue propriet\u00e0 emollienti ne fanno un attivo ideale. Rafforza la barriera idrolipidica cutanea, ammorbidisce la pelle e la protegge dalla disidratazione.<\/li>\n<li>Olio di ricino bio: questo olio \u00e8 interessante perch\u00e9 \u00e8 emolliente il che permette di ammorbidire e addolcire la pelle. \u00c8 anche idratante, aumentando il contenuto di acqua nella pelle e mantenendola morbida e liscia.<\/li>\n<li>Polvere di bamb\u00f9: sostanza bianca estratta dai giunti del bamb\u00f9. Grazie al suo alto contenuto di silice, remineralizza, idrata e partecipa alla rigenerazione della pelleattenuando la lucentezza delle pelli miste e grasse.<\/li>\n<\/ul>\n<\/div>\n<\/div>\n<\/div>\n<\/div>\n","protected":false},"excerpt":{"rendered":"<div class=\"page\" title=\"Page 23\">\n<div class=\"section\">\n<div class=\"layoutArea\">\n<div class=\"column\">\n<p>Utilizzare le Terre cotte minerali Zao Make-Up per un immediato \u201ceffetto bonne mine\u201d. Permettono anche di rimodellare e ridefinire i tratti del viso.<\/p>\n<\/div>\n<\/div>\n<\/div>\n<\/div>\n","protected":false},"featured_media":3429,"template":"","meta":{"_acf_changed":false,"_seopress_robots_primary_cat":"","_seopress_titles_title":"","_seopress_titles_desc":"","_seopress_robots_index":""},"product_brand":[],"product_cat":[337],"product_tag":[427,428,429,430,431,432,433,341,425,426],"class_list":{"0":"post-3420","1":"product","2":"type-product","3":"status-publish","4":"has-post-thumbnail","6":"product_cat-lincarnato","7":"product_tag-427","8":"product_tag-428","9":"product_tag-429","10":"product_tag-430","11":"product_tag-431","12":"product_tag-432","13":"product_tag-433","14":"product_tag-cosmesi-100-naturali","15":"product_tag-terra-cotta-minerale","16":"product_tag-terra-cotta-naturale","18":"first","19":"instock","20":"shipping-taxable","21":"purchasable","22":"product-type-variable"},"acf":[],"jetpack_sharing_enabled":true,"_links":{"self":[{"href":"https:\/\/makeupbyrenata.ch\/de\/wp-json\/wp\/v2\/product\/3420","targetHints":{"allow":["GET"]}}],"collection":[{"href":"https:\/\/makeupbyrenata.ch\/de\/wp-json\/wp\/v2\/product"}],"about":[{"href":"https:\/\/makeupbyrenata.ch\/de\/wp-json\/wp\/v2\/types\/product"}],"wp:featuredmedia":[{"embeddable":true,"href":"https:\/\/makeupbyrenata.ch\/de\/wp-json\/wp\/v2\/media\/3429"}],"wp:attachment":[{"href":"https:\/\/makeupbyrenata.ch\/de\/wp-json\/wp\/v2\/media?parent=3420"}],"wp:term":[{"taxonomy":"product_brand","embeddable":true,"href":"https:\/\/makeupbyrenata.ch\/de\/wp-json\/wp\/v2\/product_brand?post=3420"},{"taxonomy":"product_cat","embeddable":true,"href":"https:\/\/makeupbyrenata.ch\/de\/wp-json\/wp\/v2\/product_cat?post=3420"},{"taxonomy":"product_tag","embeddable":true,"href":"https:\/\/makeupbyrenata.ch\/de\/wp-json\/wp\/v2\/product_tag?post=3420"}],"curies":[{"name":"wp","href":"https:\/\/api.w.org\/{rel}","templated":true}]}}