{"id":3445,"date":"2020-11-02T09:20:50","date_gmt":"2020-11-02T08:20:50","guid":{"rendered":"https:\/\/makeupbyrenata.ch\/?post_type=product&#038;p=3445"},"modified":"2021-01-11T20:41:33","modified_gmt":"2021-01-11T19:41:33","slug":"shine-up-powder","status":"publish","type":"product","link":"https:\/\/makeupbyrenata.ch\/de\/shop\/lincarnato\/shine-up-powder\/","title":{"rendered":"Shine-up Powder &#8211; Illuminante"},"content":{"rendered":"<div class=\"page\" title=\"Page 24\">\n<div class=\"section\">\n<div class=\"layoutArea\">\n<div class=\"column\">\n<p>INGREDIENTI CHIAVE:<\/p>\n<div class=\"page\" title=\"Page 24\">\n<div class=\"section\">\n<div class=\"layoutArea\">\n<div class=\"column\">\n<ul>\n<li>Polvere di riso bio: la polvere di riso \u00e8 uno dei pi\u00f9 antichi ingredienti cosmetici. Ha la capacit\u00e0 di opacizzare la pelle senza ostruire i pori regolando la secrezione di sebo.<\/li>\n<li>Polvere di bamb\u00f9: sostanza bianca estratta dai giunti del bamb\u00f9. Grazie al suo alto contenuto di silice, remineralizza, idrata e partecipa alla rigenerazione della pelleattenuando la lucentezza delle pelli miste e grasse.<\/li>\n<li>Olio di semi di lino bio: ricco di acidi grassi insaturi (omega 6, omega 3) e vitamine (A, E B, K), questo olio \u00e8 molto nutriente e rigenerante. Grazie alle macromolecole che contiene, aiuta a mantenere l\u2019acqua nell\u2019epidermide e migliora considerevolmente la sua idratazione ed elasticit\u00e0.<\/li>\n<li>Estratto di foglie d\u2019ulivo: le foglie d\u2019ulivo contengono molti fenoli, antiossidanti che neutralizzanol\u2019azione dei radicali liberi. I radicali liberi sono delle sostanze attive che accelerano l\u2019invecchiamento delle nostre cellule.<\/li>\n<\/ul>\n<\/div>\n<\/div>\n<\/div>\n<\/div>\n<p>&nbsp;<\/p>\n<\/div>\n<\/div>\n<\/div>\n<\/div>\n","protected":false},"excerpt":{"rendered":"<div class=\"page\" title=\"Page 24\">\n<div class=\"section\">\n<div class=\"layoutArea\">\n<div class=\"column\">\n<p>2 prodotti in 1, lo Shine-up powder \u00e8 un illuminante dell\u2019incarnato che permette di creare delle zone di luce e di scolpire il viso. La sua texture in polvere lo rende adatto a tutti i tipi di pelle anche a quelle con tendenza grassa e garantisce un effetto glowy in tutta leggerezza.<\/p>\n<\/div>\n<\/div>\n<\/div>\n<\/div>\n","protected":false},"featured_media":3449,"template":"","meta":{"_acf_changed":false,"_seopress_robots_primary_cat":"","_seopress_titles_title":"","_seopress_titles_desc":"","_seopress_robots_index":""},"product_brand":[],"product_cat":[337],"product_tag":[437,438,435,436,434],"class_list":{"0":"post-3445","1":"product","2":"type-product","3":"status-publish","4":"has-post-thumbnail","6":"product_cat-lincarnato","7":"product_tag-437","8":"product_tag-438","9":"product_tag-illuminante-make-up","10":"product_tag-make-up-naturale","11":"product_tag-shine-up-powder","13":"first","14":"instock","15":"featured","16":"shipping-taxable","17":"purchasable","18":"product-type-variable"},"acf":[],"jetpack_sharing_enabled":true,"_links":{"self":[{"href":"https:\/\/makeupbyrenata.ch\/de\/wp-json\/wp\/v2\/product\/3445","targetHints":{"allow":["GET"]}}],"collection":[{"href":"https:\/\/makeupbyrenata.ch\/de\/wp-json\/wp\/v2\/product"}],"about":[{"href":"https:\/\/makeupbyrenata.ch\/de\/wp-json\/wp\/v2\/types\/product"}],"wp:featuredmedia":[{"embeddable":true,"href":"https:\/\/makeupbyrenata.ch\/de\/wp-json\/wp\/v2\/media\/3449"}],"wp:attachment":[{"href":"https:\/\/makeupbyrenata.ch\/de\/wp-json\/wp\/v2\/media?parent=3445"}],"wp:term":[{"taxonomy":"product_brand","embeddable":true,"href":"https:\/\/makeupbyrenata.ch\/de\/wp-json\/wp\/v2\/product_brand?post=3445"},{"taxonomy":"product_cat","embeddable":true,"href":"https:\/\/makeupbyrenata.ch\/de\/wp-json\/wp\/v2\/product_cat?post=3445"},{"taxonomy":"product_tag","embeddable":true,"href":"https:\/\/makeupbyrenata.ch\/de\/wp-json\/wp\/v2\/product_tag?post=3445"}],"curies":[{"name":"wp","href":"https:\/\/api.w.org\/{rel}","templated":true}]}}