{"id":3508,"date":"2020-11-02T10:46:52","date_gmt":"2020-11-02T09:46:52","guid":{"rendered":"https:\/\/makeupbyrenata.ch\/?post_type=product&#038;p=3508"},"modified":"2020-11-09T17:12:13","modified_gmt":"2020-11-09T16:12:13","slug":"ombretto-ultra-shiny-rettangolare","status":"publish","type":"product","link":"https:\/\/makeupbyrenata.ch\/de\/shop\/occhi\/ombretto-ultra-shiny-rettangolare\/","title":{"rendered":"Ombretto Ultra Shiny Rettangolare"},"content":{"rendered":"<div class=\"page\" title=\"Page 32\">\n<div class=\"section\">\n<div class=\"layoutArea\">\n<div class=\"column\">\n<div class=\"page\" title=\"Page 32\">\n<div class=\"section\">\n<div class=\"layoutArea\">\n<div class=\"column\">\n<p>INGREDIENTI CHIAVE :<\/p>\n<\/div>\n<\/div>\n<div class=\"layoutArea\">\n<div class=\"column\">\n<ul>\n<li>Squalano vegetale: estratto dall\u2019olio d\u2019oliva, lo squalano vegetale \u00e8 un derivato dello squalene, che \u00e8 un componente naturale del sebo umano. La sua eccellente affinit\u00e0 con la pelle, la sua somiglianza con i lipidi cutanei naturali e le sue propriet\u00e0 emollienti ne fanno un attivo ideale. Rafforza la barriera idrolipidica cutanea, ammorbidisce la pelle e la protegge dalla disidratazione.<\/li>\n<li>Polvere di bamb\u00f9: sostanza bianca estratta dai giunti del bamb\u00f9. Grazie al suo alto contenuto di silice, remineralizza, idrata e partecipa alla rigenerazione della pelle attenuando la lucentezza delle pelli miste e grasse.<\/li>\n<\/ul>\n<\/div>\n<\/div>\n<\/div>\n<\/div>\n<\/div>\n<\/div>\n<\/div>\n<\/div>\n","protected":false},"excerpt":{"rendered":"<div class=\"page\" title=\"Page 32\">\n<div class=\"section\">\n<div class=\"layoutArea\">\n<div class=\"column\">\n<p>Intensi e luminosi, gli ombretti ultra shiny donano un tocco glamour al vostro sguardo. La loro texture setosa, il finito metallizzato e la loro forte coprenza vi sedurranno ! La formula degli ombretti ultra shiny contiene olio di ricino bio con propriet\u00e0 idratanti e della polvere di bamb\u00f9 ricca di silice rigenerante per la pelle. Illuminate il vostro sguardo in ogni istante, per un make-up da giorno o da sera!<\/p>\n<\/div>\n<\/div>\n<\/div>\n<\/div>\n","protected":false},"featured_media":3510,"template":"","meta":{"_acf_changed":false,"_seopress_robots_primary_cat":"none","_seopress_titles_title":"","_seopress_titles_desc":"","_seopress_robots_index":""},"product_brand":[],"product_cat":[87],"product_tag":[167,168,169,170,171,172,176,445,446,447,261,129,440,164],"class_list":{"0":"post-3508","1":"product","2":"type-product","3":"status-publish","4":"has-post-thumbnail","6":"product_cat-occhi","7":"product_tag-167","8":"product_tag-168","9":"product_tag-169","10":"product_tag-170","11":"product_tag-171","12":"product_tag-172","13":"product_tag-176","14":"product_tag-445","15":"product_tag-446","16":"product_tag-447","17":"product_tag-cosmesi-naturali","18":"product_tag-ombretto-naturale","19":"product_tag-ombretto-refill","20":"product_tag-ombretto-rettangolare","22":"first","23":"instock","24":"shipping-taxable","25":"purchasable","26":"product-type-variable"},"acf":[],"jetpack_sharing_enabled":true,"_links":{"self":[{"href":"https:\/\/makeupbyrenata.ch\/de\/wp-json\/wp\/v2\/product\/3508","targetHints":{"allow":["GET"]}}],"collection":[{"href":"https:\/\/makeupbyrenata.ch\/de\/wp-json\/wp\/v2\/product"}],"about":[{"href":"https:\/\/makeupbyrenata.ch\/de\/wp-json\/wp\/v2\/types\/product"}],"wp:featuredmedia":[{"embeddable":true,"href":"https:\/\/makeupbyrenata.ch\/de\/wp-json\/wp\/v2\/media\/3510"}],"wp:attachment":[{"href":"https:\/\/makeupbyrenata.ch\/de\/wp-json\/wp\/v2\/media?parent=3508"}],"wp:term":[{"taxonomy":"product_brand","embeddable":true,"href":"https:\/\/makeupbyrenata.ch\/de\/wp-json\/wp\/v2\/product_brand?post=3508"},{"taxonomy":"product_cat","embeddable":true,"href":"https:\/\/makeupbyrenata.ch\/de\/wp-json\/wp\/v2\/product_cat?post=3508"},{"taxonomy":"product_tag","embeddable":true,"href":"https:\/\/makeupbyrenata.ch\/de\/wp-json\/wp\/v2\/product_tag?post=3508"}],"curies":[{"name":"wp","href":"https:\/\/api.w.org\/{rel}","templated":true}]}}